{"id":2397,"date":"2021-04-09T15:53:25","date_gmt":"2021-04-09T15:53:25","guid":{"rendered":"http:\/\/www.lindagrossbrownstudio.com\/footsteps-18-2\/"},"modified":"2025-05-25T16:40:48","modified_gmt":"2025-05-25T16:40:48","slug":"footsteps-18","status":"publish","type":"page","link":"https:\/\/www.lindagrossbrownstudio.com\/fr\/footsteps-18\/","title":{"rendered":"Footsteps #18"},"content":{"rendered":"<div class=\"btm-inner-text\">\n<h2>EXHIBITIONS:<\/h2>\n<ul>\n<li>2 mai 2025 \u2013 \u00ab\u00a0Footsteps #18\u00a0\u00bb a \u00e9t\u00e9 s\u00e9lectionn\u00e9 pour l&rsquo;exposition 2025 des membres et associ\u00e9s du Catharine Lorillard Wolfe Art Club. (Du 6 au 21 mai 2025)<\/li>\n<li>Selected for the 2025 Academy Center of the Arts Annual National Juried Art Exhibition in Lynchburg, Virginia. (April 4 &#8211; April 26, 2025)<\/li>\n<li>Selected for the New Orleans Art Association 2023 National Show in New Orleans, LA. (August 2023)<\/li>\n<li>Selected for The Chicago Pastel Painters Ninth Biennial Member Open Juried Exhibition, Strokin&rsquo; 9 2022. (July 2022)<\/li>\n<li>Selected for The Catharine Lorillard Art Club&rsquo;s 125th Annual Open Exhibition. (June 2022)<\/li>\n<li>Selected for The American Artists Professional League&rsquo;s 93rd Grand National Online Exhibition. (October 2021)<\/li>\n<li>Selected for The Allied Artists of America&rsquo;s 108th Annual Exhibition. (July 2021)<\/li>\n<\/ul>\n<h2>AWARDS:<\/h2>\n<ul>\n<li>Selected as meritorious in the 2023 Richeson 75 Landscape, Seascape and Architecture exhibit.<\/li>\n<li>Awarded the <b>Gold Medal of Honor for Pastel<\/b> at the Catharine Lorillard Wolfe Art Club 125th Open Exhibit at the Salmagundi Club, NY, NY. (June 2022)<\/li>\n<\/ul>\n<h2>This painting can be purchased through:<\/h2>\n<ul>\n<li>Teresa M. DeChant<br \/>\nDeChant Art Consulting, LLC<br \/>\n<a href=\"tel:216%20276%200087\">216-276-0087<\/a><br \/>\n<a href=\"http:\/\/linkedin.com\/in\/teresa-m-dechant-79231912\">LinkedIn<\/a><\/li>\n<p><img decoding=\"async\" loading=\"lazy\" class=\"alignnone size-full wp-image-1359\" src=\"http:\/\/www.lindagrossbrownstudio.com\/wp-content\/uploads\/2016\/10\/bonfoey.png\" alt=\"\" width=\"112\" height=\"115\"><\/p>\n<li><a href=\"http:\/\/www.bonfoey.com\/\" target=\"_blank\" rel=\"noopener noreferrer\">The Bonfoey Gallery of Cleveland, Ohio<\/a><\/li>\n<li><img decoding=\"async\" loading=\"lazy\" class=\"alignnone size-full wp-image-1361\" src=\"http:\/\/www.lindagrossbrownstudio.com\/wp-content\/uploads\/2016\/10\/river2.png\" alt=\"\" width=\"232\" height=\"85\"><\/li>\n<li><a href=\"http:\/\/www.rivergalleryarts.com\/\" target=\"_blank\" rel=\"noopener noreferrer\">River Gallery of Rocky River, Ohio<\/a><\/li>\n<\/ul>\n<\/div>\n","protected":false},"excerpt":{"rendered":"<p>EXHIBITIONS: 2 mai 2025 \u2013 \u00ab\u00a0Footsteps #18\u00a0\u00bb a \u00e9t\u00e9 s\u00e9lectionn\u00e9 pour l&rsquo;exposition 2025 des membres et associ\u00e9s du Catharine Lorillard Wolfe Art Club. (Du 6 au 21 mai 2025) Selected for the 2025 Academy Center of the Arts Annual National Juried Art Exhibition in Lynchburg, Virginia. (April 4 &#8211; April 26, 2025) Selected for the [&hellip;]<\/p>\n","protected":false},"author":1,"featured_media":2980,"parent":0,"menu_order":0,"comment_status":"closed","ping_status":"closed","template":"","meta":[],"acf":[],"_links":{"self":[{"href":"https:\/\/www.lindagrossbrownstudio.com\/fr\/wp-json\/wp\/v2\/pages\/2397"}],"collection":[{"href":"https:\/\/www.lindagrossbrownstudio.com\/fr\/wp-json\/wp\/v2\/pages"}],"about":[{"href":"https:\/\/www.lindagrossbrownstudio.com\/fr\/wp-json\/wp\/v2\/types\/page"}],"author":[{"embeddable":true,"href":"https:\/\/www.lindagrossbrownstudio.com\/fr\/wp-json\/wp\/v2\/users\/1"}],"replies":[{"embeddable":true,"href":"https:\/\/www.lindagrossbrownstudio.com\/fr\/wp-json\/wp\/v2\/comments?post=2397"}],"version-history":[{"count":13,"href":"https:\/\/www.lindagrossbrownstudio.com\/fr\/wp-json\/wp\/v2\/pages\/2397\/revisions"}],"predecessor-version":[{"id":3155,"href":"https:\/\/www.lindagrossbrownstudio.com\/fr\/wp-json\/wp\/v2\/pages\/2397\/revisions\/3155"}],"wp:featuredmedia":[{"embeddable":true,"href":"https:\/\/www.lindagrossbrownstudio.com\/fr\/wp-json\/wp\/v2\/media\/2980"}],"wp:attachment":[{"href":"https:\/\/www.lindagrossbrownstudio.com\/fr\/wp-json\/wp\/v2\/media?parent=2397"}],"curies":[{"name":"wp","href":"https:\/\/api.w.org\/{rel}","templated":true}]}}