{"id":1386,"date":"2016-10-07T17:37:39","date_gmt":"2016-10-07T17:37:39","guid":{"rendered":"http:\/\/www.lindagrossbrownstudio.com\/invest-2\/"},"modified":"2018-01-01T22:00:41","modified_gmt":"2018-01-01T22:00:41","slug":"invest","status":"publish","type":"page","link":"https:\/\/www.lindagrossbrownstudio.com\/fr\/invest\/","title":{"rendered":"Investir"},"content":{"rendered":"<p>&nbsp;<\/p>\n<p>Les galeries suivantes sont fi\u00e8res de repr\u00e9senter le travail de Linda dans les \u00c9tats du centre et de la c\u00f4te Est. Si vous d\u00e9sirez ajouter l\u2019un des pastels pris\u00e9s de Linda Gross Brown \u00e0 votre collection personnelle ou professionnelle, veuillez les contacter. Elles auront le plaisir de r\u00e9pondre \u00e0 vos questions sur un tel investissement : exp\u00e9dition, certificats d\u2019authenticit\u00e9, assurance, etc.<\/p>\n<div class=\"quote_box\">Il existe un endroit sp\u00e9cial fait de solitude, d\u2019apaisement, de calme et d\u2019introspection, et j\u2019essaie de le recr\u00e9er dans mes \u0153uvres. En domptant les \u00e9nergies prisonni\u00e8res de l\u2019espace d\u00e9limit\u00e9 par les bords du cadre, et en manipulant avec le plus grand soin les tons, les couleurs, les valeurs et le sujet, un paysage prend vie. Sa luminescence particuli\u00e8re invite le regard \u00e0 suivre une voie pr\u00e9d\u00e9termin\u00e9e \u00e0 la d\u00e9couverte de l\u2019\u0153uvre. <div class=\"quoteby\"><p><\/p>-LINDA GROSS BROWN<\/div><\/div>\n<p>Teresa M. DeChant<br \/>\nDeChant Art Consulting, LLC<br \/>\ntel: <a href=\"tel:2162760087\">216.276.0087<\/a><br \/>\n<a href=\"https:\/\/www.linkedin.com\/in\/teresa-m-dechant-79231912\/\">LinkedIn<\/a><\/p>\n<p><img decoding=\"async\" loading=\"lazy\" class=\"alignnone size-full wp-image-1359\" src=\"http:\/\/www.lindagrossbrownstudio.com\/wp-content\/uploads\/2016\/10\/bonfoey.png\" alt=\"\" width=\"112\" height=\"115\" \/><\/p>\n<p><a href=\"http:\/\/www.bonfoey.com\/\">Bonfoey Gallery<\/a><br \/>\nCleveland, Ohio<br \/>\ntel: <a href=\"tel:2166210178\">216.621.0178<\/a><br \/>\nemail: <a href=\"mailto:gallery@bonfoey.com\">gallery@bonfoey.com<\/a><\/p>\n<p><img decoding=\"async\" loading=\"lazy\" class=\"alignnone size-full wp-image-1361\" src=\"http:\/\/www.lindagrossbrownstudio.com\/wp-content\/uploads\/2016\/10\/river2.png\" alt=\"\" width=\"232\" height=\"85\" \/><\/p>\n<p><a href=\"http:\/\/www.rivergalleryarts.com\/\">River Gallery<\/a><br \/>\nRocky River, Ohio<br \/>\ntel: <a href=\"tel:4403318406\">440.331.8406<\/a><br \/>\nemail: <a href=\"mailto:rivergalleryarts@yahoo.com\">rivergalleryarts@yahoo.com<\/a><\/p>\n","protected":false},"excerpt":{"rendered":"<p>&nbsp; Les galeries suivantes sont fi\u00e8res de repr\u00e9senter le travail de Linda dans les \u00c9tats du centre et de la c\u00f4te Est. Si vous d\u00e9sirez ajouter l\u2019un des pastels pris\u00e9s de Linda Gross Brown \u00e0 votre collection personnelle ou professionnelle, veuillez les contacter. Elles auront le plaisir de r\u00e9pondre \u00e0 vos questions sur un tel [&hellip;]<\/p>\n","protected":false},"author":1,"featured_media":1043,"parent":0,"menu_order":0,"comment_status":"closed","ping_status":"closed","template":"static_page.php","meta":[],"acf":[],"_links":{"self":[{"href":"https:\/\/www.lindagrossbrownstudio.com\/fr\/wp-json\/wp\/v2\/pages\/1386"}],"collection":[{"href":"https:\/\/www.lindagrossbrownstudio.com\/fr\/wp-json\/wp\/v2\/pages"}],"about":[{"href":"https:\/\/www.lindagrossbrownstudio.com\/fr\/wp-json\/wp\/v2\/types\/page"}],"author":[{"embeddable":true,"href":"https:\/\/www.lindagrossbrownstudio.com\/fr\/wp-json\/wp\/v2\/users\/1"}],"replies":[{"embeddable":true,"href":"https:\/\/www.lindagrossbrownstudio.com\/fr\/wp-json\/wp\/v2\/comments?post=1386"}],"version-history":[{"count":4,"href":"https:\/\/www.lindagrossbrownstudio.com\/fr\/wp-json\/wp\/v2\/pages\/1386\/revisions"}],"predecessor-version":[{"id":1803,"href":"https:\/\/www.lindagrossbrownstudio.com\/fr\/wp-json\/wp\/v2\/pages\/1386\/revisions\/1803"}],"wp:featuredmedia":[{"embeddable":true,"href":"https:\/\/www.lindagrossbrownstudio.com\/fr\/wp-json\/wp\/v2\/media\/1043"}],"wp:attachment":[{"href":"https:\/\/www.lindagrossbrownstudio.com\/fr\/wp-json\/wp\/v2\/media?parent=1386"}],"curies":[{"name":"wp","href":"https:\/\/api.w.org\/{rel}","templated":true}]}}