{"id":1375,"date":"2016-10-07T17:36:22","date_gmt":"2016-10-07T17:36:22","guid":{"rendered":"http:\/\/www.lindagrossbrownstudio.com\/awards-2\/"},"modified":"2017-06-17T22:55:36","modified_gmt":"2017-06-17T22:55:36","slug":"awards","status":"publish","type":"page","link":"https:\/\/www.lindagrossbrownstudio.com\/fr\/awards\/","title":{"rendered":"R\u00e9compenses"},"content":{"rendered":"<p>Les \u0153uvres de Linda ne cessent d\u2019impressionner le public de tout le pays, mais les tableaux de cette artiste du centre des \u00c9tats-Unis sont chez eux dans les clubs d\u2019art de Manhattan. La r\u00e9ussite de 2011, 2010, 2009 et 2008 ne s\u2019est pas d\u00e9mentie en 2012, et Linda a m\u00eame obtenu des succ\u00e8s encore plus impressionnants : elle a \u00e9t\u00e9 de nouveau invit\u00e9e \u00e0 New York City, o\u00f9 trois de ses tableaux ont gagn\u00e9 de prestigieuses r\u00e9compenses cet hiver. Toutes ses derni\u00e8res \u0153uvres prim\u00e9es appartenaient \u00e0 la s\u00e9rie \u00ab Footsteps \u00bb, qui compte manifestement parmi les pr\u00e9f\u00e9r\u00e9es de l\u2019univers artistique de New York.<\/p>\n<p>\u00ab Il s\u2019agit d\u2019une \u0153uvre de virtuose\u2026 il doit \u00eatre incroyablement difficile de capturer de telle mani\u00e8re les effets d\u2019ombre et les subtilit\u00e9s de la neige avec des pastels \u00bb a dit Peter Trippi, r\u00e9dacteur en chef du magazine Fine Art Connoisseur, au sujet de l\u2019\u0153uvre de Linda intitul\u00e9e \u00ab Treehaven #2. \u00bb<\/p>\n","protected":false},"excerpt":{"rendered":"<p>Les \u0153uvres de Linda ne cessent d\u2019impressionner le public de tout le pays, mais les tableaux de cette artiste du centre des \u00c9tats-Unis sont chez eux dans les clubs d\u2019art de Manhattan. La r\u00e9ussite de 2011, 2010, 2009 et 2008 ne s\u2019est pas d\u00e9mentie en 2012, et Linda a m\u00eame obtenu des succ\u00e8s encore plus [&hellip;]<\/p>\n","protected":false},"author":1,"featured_media":1058,"parent":0,"menu_order":0,"comment_status":"closed","ping_status":"closed","template":"award_page.php","meta":[],"acf":[],"_links":{"self":[{"href":"https:\/\/www.lindagrossbrownstudio.com\/fr\/wp-json\/wp\/v2\/pages\/1375"}],"collection":[{"href":"https:\/\/www.lindagrossbrownstudio.com\/fr\/wp-json\/wp\/v2\/pages"}],"about":[{"href":"https:\/\/www.lindagrossbrownstudio.com\/fr\/wp-json\/wp\/v2\/types\/page"}],"author":[{"embeddable":true,"href":"https:\/\/www.lindagrossbrownstudio.com\/fr\/wp-json\/wp\/v2\/users\/1"}],"replies":[{"embeddable":true,"href":"https:\/\/www.lindagrossbrownstudio.com\/fr\/wp-json\/wp\/v2\/comments?post=1375"}],"version-history":[{"count":2,"href":"https:\/\/www.lindagrossbrownstudio.com\/fr\/wp-json\/wp\/v2\/pages\/1375\/revisions"}],"predecessor-version":[{"id":1392,"href":"https:\/\/www.lindagrossbrownstudio.com\/fr\/wp-json\/wp\/v2\/pages\/1375\/revisions\/1392"}],"wp:featuredmedia":[{"embeddable":true,"href":"https:\/\/www.lindagrossbrownstudio.com\/fr\/wp-json\/wp\/v2\/media\/1058"}],"wp:attachment":[{"href":"https:\/\/www.lindagrossbrownstudio.com\/fr\/wp-json\/wp\/v2\/media?parent=1375"}],"curies":[{"name":"wp","href":"https:\/\/api.w.org\/{rel}","templated":true}]}}