{"id":1372,"date":"2016-10-07T17:36:43","date_gmt":"2016-10-07T17:36:43","guid":{"rendered":"http:\/\/www.lindagrossbrownstudio.com\/exhibitions-2\/"},"modified":"2018-01-07T16:06:20","modified_gmt":"2018-01-07T16:06:20","slug":"exhibitions","status":"publish","type":"page","link":"https:\/\/www.lindagrossbrownstudio.com\/fr\/exhibitions\/","title":{"rendered":"Expositions"},"content":{"rendered":"<h2>Expositions dans tout le pays <\/h2>\n<p>Linda voyage beaucoup, et ces \u0153uvres ne sont pas en d\u00e9faut. Plusieurs d\u2019entre elles ont travers\u00e9 les \u00c9tats du centre, de la c\u00f4te Est et du sud-ouest des \u00c9tats-Unis, certaines \u00e9tant expos\u00e9es ensemble, et toutes ont attir\u00e9 un public important partout o\u00f9 elles sont pass\u00e9es.<\/p>\n<p>La qualit\u00e9 extraordinaire des \u0153uvres de Linda saute aux yeux quand on les d\u00e9couvre sur son site Internet ou lors d\u2019expositions en ligne, mais en personne, il s\u2019agit d\u2019une exp\u00e9rience tout simplement exaltante. Nous vous invitons et vous encourageons \u00e0 d\u00e9couvrir les \u0153uvres de Linda lors de l\u2019une des expositions auxquelles elle participe. Si vous d\u00e9sirez y rencontrer l\u2019artiste en chair et en os, n\u2019h\u00e9sitez pas \u00e0 contacter le studio pour prendre rendez-vous. <\/p>\n<p>Les \u0153uvres de Linda appartiennent \u00e0 plusieurs collections priv\u00e9es tr\u00e8s en vue, dont : <\/p>\n<ul>\n<li>Ameritrust<\/li>\n<li>The Cleveland Indians<\/li>\n<li>L.D.I. Corp.<\/li>\n<li>Federal Reserve Bank<\/li>\n<li>Cleveland Clinic Foundation<\/li>\n<li>Kent State University (permanent collection)<\/li>\n<li>Walter &#038; Haverfield, L.L.P.<\/li>\n<li>Zaremba Group<\/li>\n<\/ul>\n<h2> Expositions futures, actuelles et pass\u00e9es<\/h2>\n","protected":false},"excerpt":{"rendered":"<p>Expositions dans tout le pays Linda voyage beaucoup, et ces \u0153uvres ne sont pas en d\u00e9faut. Plusieurs d\u2019entre elles ont travers\u00e9 les \u00c9tats du centre, de la c\u00f4te Est et du sud-ouest des \u00c9tats-Unis, certaines \u00e9tant expos\u00e9es ensemble, et toutes ont attir\u00e9 un public important partout o\u00f9 elles sont pass\u00e9es. La qualit\u00e9 extraordinaire des \u0153uvres [&hellip;]<\/p>\n","protected":false},"author":1,"featured_media":250,"parent":0,"menu_order":0,"comment_status":"closed","ping_status":"closed","template":"exhibitions_page.php","meta":[],"acf":[],"_links":{"self":[{"href":"https:\/\/www.lindagrossbrownstudio.com\/fr\/wp-json\/wp\/v2\/pages\/1372"}],"collection":[{"href":"https:\/\/www.lindagrossbrownstudio.com\/fr\/wp-json\/wp\/v2\/pages"}],"about":[{"href":"https:\/\/www.lindagrossbrownstudio.com\/fr\/wp-json\/wp\/v2\/types\/page"}],"author":[{"embeddable":true,"href":"https:\/\/www.lindagrossbrownstudio.com\/fr\/wp-json\/wp\/v2\/users\/1"}],"replies":[{"embeddable":true,"href":"https:\/\/www.lindagrossbrownstudio.com\/fr\/wp-json\/wp\/v2\/comments?post=1372"}],"version-history":[{"count":5,"href":"https:\/\/www.lindagrossbrownstudio.com\/fr\/wp-json\/wp\/v2\/pages\/1372\/revisions"}],"predecessor-version":[{"id":1466,"href":"https:\/\/www.lindagrossbrownstudio.com\/fr\/wp-json\/wp\/v2\/pages\/1372\/revisions\/1466"}],"wp:featuredmedia":[{"embeddable":true,"href":"https:\/\/www.lindagrossbrownstudio.com\/fr\/wp-json\/wp\/v2\/media\/250"}],"wp:attachment":[{"href":"https:\/\/www.lindagrossbrownstudio.com\/fr\/wp-json\/wp\/v2\/media?parent=1372"}],"curies":[{"name":"wp","href":"https:\/\/api.w.org\/{rel}","templated":true}]}}