{"id":1184,"date":"2017-03-17T02:27:59","date_gmt":"2017-03-17T02:27:59","guid":{"rendered":"http:\/\/www.lindagrossbrownstudio.com\/treehaven-1-2\/"},"modified":"2024-10-19T14:33:47","modified_gmt":"2024-10-19T14:33:47","slug":"treehaven-1","status":"publish","type":"page","link":"https:\/\/www.lindagrossbrownstudio.com\/fr\/treehaven-1\/","title":{"rendered":"Treehaven #1"},"content":{"rendered":"<div class=\"btm-inner-text\">\n<h2>R\u00e9compenses:<\/h2>\n<ul>\n<li> octobre 16, 2018 &#8211; Donn\u00e9 une mention honorable dans le Rejoice in Art! Exposition nationale avec jury, \u00ab\u00a0For the Beauty of the Earth 2018\u00a0\u00bb<\/li>\n<li>janvier 2009 &#8211; Prix \u00ab People&rsquo;s Choice \u00bb pour les natures mortes attribu\u00e9 \u00e0 \u00ab <a title=\"Treehaven #1\" href=\"http:\/\/www.lindagrossbrownstudio.com\/treehaven-1\/\">Treehaven #1<\/a> \u00bb lors du concours de pastels 2009 de <a href=\"http:\/\/www.richeson75.com\/pastel\/index.html\">Richeson 75<\/a> \u00e0 la Richeson School of Art<\/li>\n<\/ul>\n<h2>Expositions:<\/h2>\n<ul>\n<li>20 septembre 2024 \u2013 \u00ab Treehaven #1 \u00bb compris dans la 127e exposition annuelle du Catharine Lorillard Wolf Art Club\u2019s au Salmagundi Club (19 novembre 2024 &#8211; 6 d\u00e9cembre 2024)<\/li>\n<li>6 septembre 2018 &#8211; \u00ab Treehaven #1 \u00bb de Linda Gross Brown est s\u00e9lectionn\u00e9 pour l&rsquo;exposition-concours Rejoice in Art! \u00ab\u00a0For the Beauty of the Earth 2018\u00a0\u00bb (13 octobre &#8211; 28 octobre, 2018).<\/li>\n<li>25 mai 2018 &#8211; \u00ab Treehaven #1 \u00bb de Linda Gross Brown a \u00e9t\u00e9 s\u00e9lectionn\u00e9 pour la finale de la 2018 International Pastel Show du Pastel en P\u00e9rigord \u00e0 Saint-Aulaye, dans l\u2019\u00c9tat de France. (26 juillet &#8211; 26 ao\u00fbt 2018)<\/li>\n<li>25 mai 2016 &#8211; \u00ab Treehaven #1 \u00bb de Linda Gross Brown est s\u00e9lectionn\u00e9 pour l&rsquo;exposition-concours nationale 2016 de la <a href=\"http:\/\/www.bowerygallery.org\/\">Bowery Gallery<\/a> \u00e0 New York.<\/li>\n<li>13 novembre 2013 \u2013 \u00ab Treehaven #1 \u00bb est s\u00e9lectionn\u00e9 pour l&rsquo;exposition d\u2019\u00e9t\u00e9 Pastel en P\u00e9rigord \u00e0 Saint-Aulaye en Dordogne, France. (26 juillet \u2013 24 ao\u00fbt 2014)<\/li>\n<li>13 mars 2012 &#8211; \u00ab <a title=\"Treehaven #1\" href=\"http:\/\/www.lindagrossbrownstudio.com\/treehaven-1\/\">Treehaven #1<\/a> \u00bb de Linda Gross Brown a \u00e9t\u00e9 s\u00e9lectionn\u00e9 pour la 15e exposition-concours internationale ouverte de la <a href=\"http:\/\/www.southeasternpastel.org\/\">Southeastern Pastel Society<\/a> \u00e0 Atlanta, en G\u00e9orgie.<\/li>\n<li>18 juin 2010 &#8211; Le num\u00e9ro sp\u00e9cial de juin 2010 du magazine d\u2019art fran\u00e7ais <a href=\"http:\/\/www.pratiquedesarts.com\/\">Pratique des Arts<\/a> mentionne Linda Gross Brown dans un dossier consacr\u00e9 aux pastellistes du monde entier. Ses \u0153uvres <a title=\"Footsteps #1\" href=\"http:\/\/www.lindagrossbrownstudio.com\/footsteps-1\/\">Footsteps #1<\/a> et <a title=\"Treehaven #1\" href=\"http:\/\/www.lindagrossbrownstudio.com\/treehaven-1\/\">Treehaven #1<\/a> y sont mentionn\u00e9es.<\/li>\n<li>8 mai &#8211; 1 ao\u00fbt 2010 &#8211; \u00ab <a title=\"Treehaven #1\" href=\"http:\/\/www.lindagrossbrownstudio.com\/treehaven-1\/\">Treehaven #1<\/a> \u00bb est s\u00e9lectionn\u00e9 pour l\u2019exposition nationale 2010 de la <a href=\"http:\/\/www.glps.org\/home.asp\" target=\"_blank\" rel=\"noopener noreferrer\">Great Lakes Pastel Society<\/a> \u00e0 l\u2019<a href=\"http:\/\/www.mcfta.org\/A_ABDow\/index.html\" target=\"_blank\" rel=\"noopener noreferrer\">Alden B. Dow Museum of Science and Art<\/a>.<\/li>\n<\/ul>\n<p>Les galeries suivantes sont fi\u00e8res de repr\u00e9senter le travail de Linda dans les \u00c9tats du centre et de la c\u00f4te Est. Si vous d\u00e9sirez ajouter l\u2019un des pastels pris\u00e9s de Linda Gross Brown \u00e0 votre collection personnelle ou professionnelle, veuillez les contacter. Elles auront le plaisir de r\u00e9pondre \u00e0 vos questions sur un tel investissement : exp\u00e9dition, certificats d\u2019authenticit\u00e9, assurance, etc.<\/p>\n<p>&nbsp;<\/p>\n<p>Teresa M. DeChant<br \/>\nDeChant Art Consulting, LLC<br \/>\n<a href=\"tel:216%20276%200087\">216-276-0087<\/a><br \/>\n<a href=\"http:\/\/linkedin.com\/in\/teresa-m-dechant-79231912\">LinkedIn<\/a><\/p>\n<p><img decoding=\"async\" loading=\"lazy\" class=\"alignnone size-full wp-image-1359\" src=\"http:\/\/www.lindagrossbrownstudio.com\/wp-content\/uploads\/2016\/10\/bonfoey.png\" alt=\"\" width=\"112\" height=\"115\" \/><\/p>\n<p><a href=\"http:\/\/www.bonfoey.com\/\">Bonfoey Gallery<\/a><br \/>\nCleveland, Ohio<br \/>\nt\u00e9l: 216.621.0178<br \/>\nemail: gallery arobase bonfoey.com<\/p>\n<p><img decoding=\"async\" loading=\"lazy\" class=\"alignnone size-full wp-image-1361\" src=\"http:\/\/www.lindagrossbrownstudio.com\/wp-content\/uploads\/2016\/10\/river2.png\" alt=\"\" width=\"232\" height=\"85\" \/><\/p>\n<p><a href=\"http:\/\/www.rivergalleryarts.com\/\">River Gallery<\/a><br \/>\nRocky River, Ohio<br \/>\nt\u00e9l: 440.331.8406<br \/>\nemail: rivergalleryarts arobase yahoo.com<\/p>\n<\/div>\n","protected":false},"excerpt":{"rendered":"<p>R\u00e9compenses: octobre 16, 2018 &#8211; Donn\u00e9 une mention honorable dans le Rejoice in Art! Exposition nationale avec jury, \u00ab\u00a0For the Beauty of the Earth 2018\u00a0\u00bb janvier 2009 &#8211; Prix \u00ab People&rsquo;s Choice \u00bb pour les natures mortes attribu\u00e9 \u00e0 \u00ab Treehaven #1 \u00bb lors du concours de pastels 2009 de Richeson 75 \u00e0 la Richeson [&hellip;]<\/p>\n","protected":false},"author":2,"featured_media":2724,"parent":0,"menu_order":0,"comment_status":"closed","ping_status":"closed","template":"","meta":[],"acf":[],"_links":{"self":[{"href":"https:\/\/www.lindagrossbrownstudio.com\/fr\/wp-json\/wp\/v2\/pages\/1184"}],"collection":[{"href":"https:\/\/www.lindagrossbrownstudio.com\/fr\/wp-json\/wp\/v2\/pages"}],"about":[{"href":"https:\/\/www.lindagrossbrownstudio.com\/fr\/wp-json\/wp\/v2\/types\/page"}],"author":[{"embeddable":true,"href":"https:\/\/www.lindagrossbrownstudio.com\/fr\/wp-json\/wp\/v2\/users\/2"}],"replies":[{"embeddable":true,"href":"https:\/\/www.lindagrossbrownstudio.com\/fr\/wp-json\/wp\/v2\/comments?post=1184"}],"version-history":[{"count":7,"href":"https:\/\/www.lindagrossbrownstudio.com\/fr\/wp-json\/wp\/v2\/pages\/1184\/revisions"}],"predecessor-version":[{"id":3116,"href":"https:\/\/www.lindagrossbrownstudio.com\/fr\/wp-json\/wp\/v2\/pages\/1184\/revisions\/3116"}],"wp:featuredmedia":[{"embeddable":true,"href":"https:\/\/www.lindagrossbrownstudio.com\/fr\/wp-json\/wp\/v2\/media\/2724"}],"wp:attachment":[{"href":"https:\/\/www.lindagrossbrownstudio.com\/fr\/wp-json\/wp\/v2\/media?parent=1184"}],"curies":[{"name":"wp","href":"https:\/\/api.w.org\/{rel}","templated":true}]}}