{"id":1183,"date":"2017-03-17T02:27:27","date_gmt":"2017-03-17T02:27:27","guid":{"rendered":"http:\/\/www.lindagrossbrownstudio.com\/tracks-in-the-sand-2\/"},"modified":"2018-09-06T21:51:15","modified_gmt":"2018-09-06T21:51:15","slug":"tracks-in-the-sand","status":"publish","type":"page","link":"https:\/\/www.lindagrossbrownstudio.com\/fr\/tracks-in-the-sand\/","title":{"rendered":"Tracks in the Sand"},"content":{"rendered":"<div class=\"btm-inner-text\">\n<h2>Expositions:<\/h2>\n<ul>\n<li>6 septembre 2018 &#8211; \u00ab Treehaven #1 \u00bb de Linda Gross Brown est s\u00e9lectionn\u00e9 pour l&rsquo;exposition-concours Rejoice in Art! \u00ab\u00a0For the Beauty of the Earth 2018\u00a0\u00bb (13 octobre &#8211; 28 octobre, 2018).<\/li>\n<li>2 janvier 2016 &#8211; Linda Gross Brown et ses \u0153uvres \u00ab Cotswalds #1 \u00bb et \u00ab Footsteps #3 \u00bb et \u00ab Tracks in the Sand \u00bb ont \u00e9t\u00e9 invit\u00e9s \u00e0 l&rsquo;exposition <a href=\"http:\/\/www.pastelenperigord.net\/&quot;\" target=\"_blank\" rel=\"noopener noreferrer\">Pastel en P\u00e9rigord<\/a> \u00e0 Saint-Aulaye en Dordogne, France. (23 juillet &#8211; 21 ao\u00fbt 2016)<\/li>\n<li>\u00ab Footsteps #15 \u00bb et \u00ab Tracks in the Sand \u00bb de Linda Gross Brown sont s\u00e9lectionn\u00e9s pour la exposition d\u2019art nationale de la Pastel Society of New Hampshire au Discover Portsmouth Center \u00e0 Porthsmouth, dans l\u2019\u00c9tat de New Hampshire. (24 octobre \u2013 27 novembre 2015)<\/li>\n<li>11 avril 2013 &#8211; Le tableau \u00ab <a title=\"Tracks in the Sand\" href=\"http:\/\/www.lindagrossbrownstudio.com\/tracks-in-the-sand\/\">Tracks in the Sand<\/a> \u00bb de Linda Gross Brown est s\u00e9lectionn\u00e9 pour la finale de l\u2019exposition-concours <a href=\"http:\/\/www.richesonart.com\/galleryandschool\/aboutgallery.html\" target=\"_blank\" rel=\"noopener noreferrer\">Richeson<\/a> Landscape, Seascape and Architecture 2013.<\/li>\n<\/ul>\n<p>Les galeries suivantes sont fi\u00e8res de repr\u00e9senter le travail de Linda dans les \u00c9tats du centre et de la c\u00f4te Est. Si vous d\u00e9sirez ajouter l\u2019un des pastels pris\u00e9s de Linda Gross Brown \u00e0 votre collection personnelle ou professionnelle, veuillez les contacter. Elles auront le plaisir de r\u00e9pondre \u00e0 vos questions sur un tel investissement : exp\u00e9dition, certificats d\u2019authenticit\u00e9, assurance, etc.<\/p>\n<p>&nbsp;<\/p>\n<p>Teresa M. DeChant<br \/>\nDeChant Art Consulting, LLC<br \/>\n<a href=\"tel:216%20276%200087\">216-276-0087<\/a><br \/>\n<a href=\"http:\/\/linkedin.com\/in\/teresa-m-dechant-79231912\">LinkedIn<\/a><\/p>\n<p><img decoding=\"async\" loading=\"lazy\" class=\"alignnone size-full wp-image-1359\" src=\"http:\/\/www.lindagrossbrownstudio.com\/wp-content\/uploads\/2016\/10\/bonfoey.png\" alt=\"\" width=\"112\" height=\"115\" \/><\/p>\n<p><a href=\"http:\/\/www.bonfoey.com\/\">Bonfoey Gallery<\/a><br \/>\nCleveland, Ohio<br \/>\nt\u00e9l: 216.621.0178<br \/>\nemail: gallery arobase bonfoey.com<\/p>\n<p><img decoding=\"async\" loading=\"lazy\" class=\"alignnone size-full wp-image-1361\" src=\"http:\/\/www.lindagrossbrownstudio.com\/wp-content\/uploads\/2016\/10\/river2.png\" alt=\"\" width=\"232\" height=\"85\" \/><\/p>\n<p><a href=\"http:\/\/www.rivergalleryarts.com\/\">River Gallery<\/a><br \/>\nRocky River, Ohio<br \/>\nt\u00e9l: 440.331.8406<br \/>\nemail: rivergalleryarts arobase yahoo.com<\/p>\n<\/div>\n","protected":false},"excerpt":{"rendered":"<p>Expositions: 6 septembre 2018 &#8211; \u00ab Treehaven #1 \u00bb de Linda Gross Brown est s\u00e9lectionn\u00e9 pour l&rsquo;exposition-concours Rejoice in Art! \u00ab\u00a0For the Beauty of the Earth 2018\u00a0\u00bb (13 octobre &#8211; 28 octobre, 2018). 2 janvier 2016 &#8211; Linda Gross Brown et ses \u0153uvres \u00ab Cotswalds #1 \u00bb et \u00ab Footsteps #3 \u00bb et \u00ab Tracks [&hellip;]<\/p>\n","protected":false},"author":2,"featured_media":247,"parent":0,"menu_order":0,"comment_status":"closed","ping_status":"closed","template":"","meta":[],"acf":[],"_links":{"self":[{"href":"https:\/\/www.lindagrossbrownstudio.com\/fr\/wp-json\/wp\/v2\/pages\/1183"}],"collection":[{"href":"https:\/\/www.lindagrossbrownstudio.com\/fr\/wp-json\/wp\/v2\/pages"}],"about":[{"href":"https:\/\/www.lindagrossbrownstudio.com\/fr\/wp-json\/wp\/v2\/types\/page"}],"author":[{"embeddable":true,"href":"https:\/\/www.lindagrossbrownstudio.com\/fr\/wp-json\/wp\/v2\/users\/2"}],"replies":[{"embeddable":true,"href":"https:\/\/www.lindagrossbrownstudio.com\/fr\/wp-json\/wp\/v2\/comments?post=1183"}],"version-history":[{"count":4,"href":"https:\/\/www.lindagrossbrownstudio.com\/fr\/wp-json\/wp\/v2\/pages\/1183\/revisions"}],"predecessor-version":[{"id":1985,"href":"https:\/\/www.lindagrossbrownstudio.com\/fr\/wp-json\/wp\/v2\/pages\/1183\/revisions\/1985"}],"wp:featuredmedia":[{"embeddable":true,"href":"https:\/\/www.lindagrossbrownstudio.com\/fr\/wp-json\/wp\/v2\/media\/247"}],"wp:attachment":[{"href":"https:\/\/www.lindagrossbrownstudio.com\/fr\/wp-json\/wp\/v2\/media?parent=1183"}],"curies":[{"name":"wp","href":"https:\/\/api.w.org\/{rel}","templated":true}]}}