{"id":1176,"date":"2017-03-17T02:24:35","date_gmt":"2017-03-17T02:24:35","guid":{"rendered":"http:\/\/www.lindagrossbrownstudio.com\/snowtracks-2-2\/"},"modified":"2018-01-01T21:47:34","modified_gmt":"2018-01-01T21:47:34","slug":"snowtracks-2","status":"publish","type":"page","link":"https:\/\/www.lindagrossbrownstudio.com\/fr\/snowtracks-2\/","title":{"rendered":"Snowtracks #2"},"content":{"rendered":"<div class=\"btm-inner-text\">\n<h2>Exhibited:<\/h2>\n<ul>\n<li>mai 2010 &#8211; \u00ab <a title=\"Footsteps #4\" href=\"http:\/\/www.lindagrossbrownstudio.com\/footsteps-4\/\">Footsteps #4<\/a> \u00bb, \u00ab <a title=\"A Cold Walk\" href=\"http:\/\/www.lindagrossbrownstudio.com\/a-cold-walk\/\">A Cold Walk<\/a> \u00bb et \u00ab <a title=\"Snowtracks #2\" href=\"http:\/\/www.lindagrossbrownstudio.com\/snowtracks-2\/\">Snowtracks #2<\/a> \u00bb sont requis pour l\u2019exposition d\u2019art organis\u00e9e en mai 2010 \u00e0 l\u2019<a href=\"http:\/\/www.andrewsvalleyarts.com\/the-museum.asp\" target=\"_blank\" rel=\"noopener noreferrer\">Andrews Art Museum<\/a>.<\/li>\n<li>23 janvier &#8211; 5 mars 2010 &#8211; \u00ab <a title=\"Footsteps #3\" href=\"http:\/\/www.lindagrossbrownstudio.com\/footsteps-3\/\">Footsteps #3<\/a> \u00bb et \u00ab <a title=\"Snowtracks #2\" href=\"http:\/\/www.lindagrossbrownstudio.com\/snowtracks-2\/\">Snowtracks #2<\/a> \u00bb sont compris dans la 15e exposition-concours de l\u2019<a href=\"http:\/\/www.pastelinternational.com\/\" target=\"_blank\" rel=\"noopener noreferrer\">International Association of Pastel Societies (IAPS)<\/a> \u00e0 la <a href=\"http:\/\/www.cityofbrea.net\/section.cfm?id=460\" target=\"_blank\" rel=\"noopener noreferrer\">City of Brea Gallery<\/a>.<\/li>\n<\/ul>\n<p>Les galeries suivantes sont fi\u00e8res de repr\u00e9senter le travail de Linda dans les \u00c9tats du centre et de la c\u00f4te Est. Si vous d\u00e9sirez ajouter l\u2019un des pastels pris\u00e9s de Linda Gross Brown \u00e0 votre collection personnelle ou professionnelle, veuillez les contacter. Elles auront le plaisir de r\u00e9pondre \u00e0 vos questions sur un tel investissement : exp\u00e9dition, certificats d\u2019authenticit\u00e9, assurance, etc.<\/p>\n<p>&nbsp;<\/p>\n<p>Teresa M. DeChant<br \/>\nDeChant Art Consulting, LLC<br \/>\n<a href=\"tel:216%20276%200087\">216-276-0087<\/a><br \/>\n<a href=\"http:\/\/linkedin.com\/in\/teresa-m-dechant-79231912\">LinkedIn<\/a><\/p>\n<p><img decoding=\"async\" loading=\"lazy\" class=\"alignnone size-full wp-image-1359\" src=\"http:\/\/www.lindagrossbrownstudio.com\/wp-content\/uploads\/2016\/10\/bonfoey.png\" alt=\"\" width=\"112\" height=\"115\" \/><\/p>\n<p><a href=\"http:\/\/www.bonfoey.com\/\">Bonfoey Gallery<\/a><br \/>\nCleveland, Ohio<br \/>\nt\u00e9l: 216.621.0178<br \/>\nemail: gallery arobase bonfoey.com<\/p>\n<p><img decoding=\"async\" loading=\"lazy\" class=\"alignnone size-full wp-image-1361\" src=\"http:\/\/www.lindagrossbrownstudio.com\/wp-content\/uploads\/2016\/10\/river2.png\" alt=\"\" width=\"232\" height=\"85\" \/><\/p>\n<p><a href=\"http:\/\/www.rivergalleryarts.com\/\">River Gallery<\/a><br \/>\nRocky River, Ohio<br \/>\nt\u00e9l: 440.331.8406<br \/>\nemail: rivergalleryarts arobase yahoo.com<\/p>\n<\/div>\n","protected":false},"excerpt":{"rendered":"<p>Exhibited: mai 2010 &#8211; \u00ab Footsteps #4 \u00bb, \u00ab A Cold Walk \u00bb et \u00ab Snowtracks #2 \u00bb sont requis pour l\u2019exposition d\u2019art organis\u00e9e en mai 2010 \u00e0 l\u2019Andrews Art Museum. 23 janvier &#8211; 5 mars 2010 &#8211; \u00ab Footsteps #3 \u00bb et \u00ab Snowtracks #2 \u00bb sont compris dans la 15e exposition-concours de l\u2019International [&hellip;]<\/p>\n","protected":false},"author":2,"featured_media":240,"parent":0,"menu_order":0,"comment_status":"closed","ping_status":"closed","template":"","meta":[],"acf":[],"_links":{"self":[{"href":"https:\/\/www.lindagrossbrownstudio.com\/fr\/wp-json\/wp\/v2\/pages\/1176"}],"collection":[{"href":"https:\/\/www.lindagrossbrownstudio.com\/fr\/wp-json\/wp\/v2\/pages"}],"about":[{"href":"https:\/\/www.lindagrossbrownstudio.com\/fr\/wp-json\/wp\/v2\/types\/page"}],"author":[{"embeddable":true,"href":"https:\/\/www.lindagrossbrownstudio.com\/fr\/wp-json\/wp\/v2\/users\/2"}],"replies":[{"embeddable":true,"href":"https:\/\/www.lindagrossbrownstudio.com\/fr\/wp-json\/wp\/v2\/comments?post=1176"}],"version-history":[{"count":3,"href":"https:\/\/www.lindagrossbrownstudio.com\/fr\/wp-json\/wp\/v2\/pages\/1176\/revisions"}],"predecessor-version":[{"id":1749,"href":"https:\/\/www.lindagrossbrownstudio.com\/fr\/wp-json\/wp\/v2\/pages\/1176\/revisions\/1749"}],"wp:featuredmedia":[{"embeddable":true,"href":"https:\/\/www.lindagrossbrownstudio.com\/fr\/wp-json\/wp\/v2\/media\/240"}],"wp:attachment":[{"href":"https:\/\/www.lindagrossbrownstudio.com\/fr\/wp-json\/wp\/v2\/media?parent=1176"}],"curies":[{"name":"wp","href":"https:\/\/api.w.org\/{rel}","templated":true}]}}