{"id":1163,"date":"2017-03-16T01:48:08","date_gmt":"2017-03-16T01:48:08","guid":{"rendered":"http:\/\/www.lindagrossbrownstudio.com\/footsteps-9-2\/"},"modified":"2025-04-28T22:29:35","modified_gmt":"2025-04-28T22:29:35","slug":"footsteps-9","status":"publish","type":"page","link":"https:\/\/www.lindagrossbrownstudio.com\/fr\/footsteps-9\/","title":{"rendered":"Footsteps #9"},"content":{"rendered":"<div class=\"btm-inner-text\">\n<h2>R\u00e9compenses:<\/h2>\n<ul>\n<li>\u00ab\u00a0Footsteps #9\u00a0\u00bb a remport\u00e9 la premi\u00e8re place dans la cat\u00e9gorie pastel lors du salon en ligne du printemps 2025 de l&rsquo;American Artists Professional League (3 mai &#8211; 12 juillet 2025).<\/li>\n<li>Considered a <b>Meritorious Entry<\/b> in the Richeson 75 <i>Pastels 2012<\/i> Exhibit. (March 9, 2012)<\/li>\n<\/ul>\n<h2>Expositions:<\/h2>\n<ul>\n<li>\u00ab\u00a0Footsteps #9\u00a0\u00bb a remport\u00e9 la premi\u00e8re place dans la cat\u00e9gorie pastel lors du salon en ligne du printemps 2025 de l&rsquo;American Artists Professional League (3 mai &#8211; 12 juillet 2025).<\/li>\n<li>30 avril 2019 &#8211; \u00ab <a href=\"http:\/\/www.lindagrossbrownstudio.com\/fr\/footsteps-3\/\">Footsteps #3<\/a> \u00bb et \u00ab Footsteps #9 \u00bb ont \u00e9t\u00e9 accept\u00e9s dans l&rsquo;exposition en ligne annuelle des membres du <a href=\"https:\/\/www.clwac.org\/\">CLWAC<\/a> 2019.<\/li>\n<li>20 avril 2011 &#8211; \u00ab <a title=\"Footsteps #9\" href=\"http:\/\/www.lindagrossbrownstudio.com\/footsteps-9\/\">Footsteps #9<\/a> \u00bb de Linda Gross Brown est s\u00e9lectionn\u00e9 pour l\u2019exposition First Master Circle de l\u2019<a href=\"http:\/\/www.pastelinternational.com\/COMPETITIONS\/exhibitions.html\">International Association of Pastel Societies (IAPS) <\/a>. Albuquerque, New Mexico.<\/li>\n<\/ul>\n<p>Les galeries suivantes sont fi\u00e8res de repr\u00e9senter le travail de Linda dans les \u00c9tats du centre et de la c\u00f4te Est. Si vous d\u00e9sirez ajouter l\u2019un des pastels pris\u00e9s de Linda Gross Brown \u00e0 votre collection personnelle ou professionnelle, veuillez les contacter. Elles auront le plaisir de r\u00e9pondre \u00e0 vos questions sur un tel investissement : exp\u00e9dition, certificats d\u2019authenticit\u00e9, assurance, etc.<\/p>\n<p>Teresa M. DeChant<br \/>\nDeChant Art Consulting, LLC<br \/>\n<a href=\"tel:216%20276%200087\">216-276-0087<\/a><br \/>\n<a href=\"http:\/\/linkedin.com\/in\/teresa-m-dechant-79231912\">LinkedIn<\/a><\/p>\n<p><img decoding=\"async\" loading=\"lazy\" class=\"alignnone size-full wp-image-1359\" src=\"http:\/\/www.lindagrossbrownstudio.com\/wp-content\/uploads\/2016\/10\/bonfoey.png\" alt=\"\" width=\"112\" height=\"115\" \/><\/p>\n<p><a href=\"http:\/\/www.bonfoey.com\/\">Bonfoey Gallery<\/a><br \/>\nCleveland, Ohio<br \/>\nt\u00e9l: 216.621.0178<br \/>\nemail: gallery arobase bonfoey.com<\/p>\n<p><img decoding=\"async\" loading=\"lazy\" class=\"alignnone size-full wp-image-1361\" src=\"http:\/\/www.lindagrossbrownstudio.com\/wp-content\/uploads\/2016\/10\/river2.png\" alt=\"\" width=\"232\" height=\"85\" \/><\/p>\n<p><a href=\"http:\/\/www.rivergalleryarts.com\/\">River Gallery<\/a><br \/>\nRocky River, Ohio<br \/>\nt\u00e9l: 440.331.8406<br \/>\nemail: rivergalleryarts arobase yahoo.com<\/p>\n<\/div>\n","protected":false},"excerpt":{"rendered":"<p>R\u00e9compenses: \u00ab\u00a0Footsteps #9\u00a0\u00bb a remport\u00e9 la premi\u00e8re place dans la cat\u00e9gorie pastel lors du salon en ligne du printemps 2025 de l&rsquo;American Artists Professional League (3 mai &#8211; 12 juillet 2025). Considered a Meritorious Entry in the Richeson 75 Pastels 2012 Exhibit. (March 9, 2012) Expositions: \u00ab\u00a0Footsteps #9\u00a0\u00bb a remport\u00e9 la premi\u00e8re place dans la [&hellip;]<\/p>\n","protected":false},"author":2,"featured_media":2668,"parent":0,"menu_order":0,"comment_status":"closed","ping_status":"closed","template":"","meta":[],"acf":[],"_links":{"self":[{"href":"https:\/\/www.lindagrossbrownstudio.com\/fr\/wp-json\/wp\/v2\/pages\/1163"}],"collection":[{"href":"https:\/\/www.lindagrossbrownstudio.com\/fr\/wp-json\/wp\/v2\/pages"}],"about":[{"href":"https:\/\/www.lindagrossbrownstudio.com\/fr\/wp-json\/wp\/v2\/types\/page"}],"author":[{"embeddable":true,"href":"https:\/\/www.lindagrossbrownstudio.com\/fr\/wp-json\/wp\/v2\/users\/2"}],"replies":[{"embeddable":true,"href":"https:\/\/www.lindagrossbrownstudio.com\/fr\/wp-json\/wp\/v2\/comments?post=1163"}],"version-history":[{"count":5,"href":"https:\/\/www.lindagrossbrownstudio.com\/fr\/wp-json\/wp\/v2\/pages\/1163\/revisions"}],"predecessor-version":[{"id":3149,"href":"https:\/\/www.lindagrossbrownstudio.com\/fr\/wp-json\/wp\/v2\/pages\/1163\/revisions\/3149"}],"wp:featuredmedia":[{"embeddable":true,"href":"https:\/\/www.lindagrossbrownstudio.com\/fr\/wp-json\/wp\/v2\/media\/2668"}],"wp:attachment":[{"href":"https:\/\/www.lindagrossbrownstudio.com\/fr\/wp-json\/wp\/v2\/media?parent=1163"}],"curies":[{"name":"wp","href":"https:\/\/api.w.org\/{rel}","templated":true}]}}