{"id":1162,"date":"2017-03-16T01:47:42","date_gmt":"2017-03-16T01:47:42","guid":{"rendered":"http:\/\/www.lindagrossbrownstudio.com\/footsteps-8-2\/"},"modified":"2017-04-29T22:53:59","modified_gmt":"2017-04-29T22:53:59","slug":"footsteps-8","status":"publish","type":"page","link":"https:\/\/www.lindagrossbrownstudio.com\/fr\/footsteps-8\/","title":{"rendered":"Footsteps #8"},"content":{"rendered":"<div class=\"btm-inner-text\">\n<h2>R\u00e9compenses:<\/h2>\n<ul>\n<li>3 mars 2011 &#8211; \u00ab <a title=\"Footsteps #8\" href=\"http:\/\/www.lindagrossbrownstudio.com\/footsteps-8\/\">Footsteps #8<\/a> \u00bb de Linda Gross Brown obtient <b>la 2e place<\/b> \u00e0 l\u2019exposition-concours annuelle des membres du <a href=\"http:\/\/www.ringling.edu\/LBKCA.html\">Longboat Key Center for the Arts<\/a>.<\/li>\n<\/ul>\n<h2>Expositions:<\/h2>\n<ul>\n<li>12 avril 2011 &#8211; \u00ab <a title=\"Footsteps #5\" href=\"http:\/\/www.lindagrossbrownstudio.com\/footsteps-5\/\">Footsteps #5<\/a> \u00bb et \u00ab <a title=\"Footsteps #8\" href=\"http:\/\/www.lindagrossbrownstudio.com\/footsteps-8\/\">Footsteps #8<\/a> \u00bb de Linda Gross Brown sont s\u00e9lectionn\u00e9s pour l\u2019exposition Landscape 2011 de la Richeson Gallery of Art.<\/li>\n<\/ul>\n<p>Les galeries suivantes sont fi\u00e8res de repr\u00e9senter le travail de Linda dans les \u00c9tats du centre et de la c\u00f4te Est. Si vous d\u00e9sirez ajouter l\u2019un des pastels pris\u00e9s de Linda Gross Brown \u00e0 votre collection personnelle ou professionnelle, veuillez les contacter. Elles auront le plaisir de r\u00e9pondre \u00e0 vos questions sur un tel investissement : exp\u00e9dition, certificats d\u2019authenticit\u00e9, assurance, etc.<\/p>\n<p>Teresa M. DeChant<br \/>\nDeChant Art Consulting, LLC<br \/>\n<a href=\"tel:216%20276%200087\">216-276-0087<\/a><br \/>\n<a href=\"http:\/\/dechantart.wordpress.com\">dechantart.wordpress.com<\/a><br \/>\n<a href=\"http:\/\/linkedin.com\/in\/teresa-m-dechant-79231912\">LinkedIn<\/a><\/p>\n<p><img decoding=\"async\" src=\" http:\/\/www.lindagrossbrownstudio.com\/\/wp-content\/uploads\/2012\/11\/bonfoey.png\" alt=\"\" align=\"left\" \/><\/p>\n<p><a href=\"http:\/\/www.bonfoey.com\/\">Bonfoey Gallery<\/a><br \/>\nCleveland, Ohio<br \/>\nt\u00e9l: 216.621.0178<br \/>\nemail: gallery arobase bonfoey.com<\/p>\n<p>&nbsp;<\/p>\n<p><img decoding=\"async\" src=\"http:\/\/www.lindagrossbrownstudio.com\/\/wp-content\/uploads\/2012\/11\/charlotte2.png\" alt=\"\" align=\"left\" \/><\/p>\n<p><a href=\"http:\/\/charlottefineart.com\/\/\">Charlotte Fine Art Gallery<\/a><br \/>\nCharlotte, North Carolina<br \/>\nt\u00e9l: 704.541.0741<br \/>\nemail: info arobase charlottefineart.com<\/p>\n<p>&nbsp;<\/p>\n<p><img decoding=\"async\" src=\"http:\/\/www.lindagrossbrownstudio.com\/\/wp-content\/uploads\/2012\/11\/river2.png\" alt=\"\" align=\"left\" \/><\/p>\n<p><a href=\"http:\/\/www.rivergalleryarts.com\/\">River Gallery<\/a><br \/>\nRocky River, Ohio<br \/>\nt\u00e9l: 440.331.8406<br \/>\nemail: rivergalleryarts arobase yahoo.com<\/p>\n<\/div>\n<p>&nbsp;<\/p>\n","protected":false},"excerpt":{"rendered":"<p>R\u00e9compenses: 3 mars 2011 &#8211; \u00ab Footsteps #8 \u00bb de Linda Gross Brown obtient la 2e place \u00e0 l\u2019exposition-concours annuelle des membres du Longboat Key Center for the Arts. Expositions: 12 avril 2011 &#8211; \u00ab Footsteps #5 \u00bb et \u00ab Footsteps #8 \u00bb de Linda Gross Brown sont s\u00e9lectionn\u00e9s pour l\u2019exposition Landscape 2011 de la [&hellip;]<\/p>\n","protected":false},"author":2,"featured_media":217,"parent":0,"menu_order":0,"comment_status":"closed","ping_status":"closed","template":"","meta":[],"acf":[],"_links":{"self":[{"href":"https:\/\/www.lindagrossbrownstudio.com\/fr\/wp-json\/wp\/v2\/pages\/1162"}],"collection":[{"href":"https:\/\/www.lindagrossbrownstudio.com\/fr\/wp-json\/wp\/v2\/pages"}],"about":[{"href":"https:\/\/www.lindagrossbrownstudio.com\/fr\/wp-json\/wp\/v2\/types\/page"}],"author":[{"embeddable":true,"href":"https:\/\/www.lindagrossbrownstudio.com\/fr\/wp-json\/wp\/v2\/users\/2"}],"replies":[{"embeddable":true,"href":"https:\/\/www.lindagrossbrownstudio.com\/fr\/wp-json\/wp\/v2\/comments?post=1162"}],"version-history":[{"count":2,"href":"https:\/\/www.lindagrossbrownstudio.com\/fr\/wp-json\/wp\/v2\/pages\/1162\/revisions"}],"predecessor-version":[{"id":1256,"href":"https:\/\/www.lindagrossbrownstudio.com\/fr\/wp-json\/wp\/v2\/pages\/1162\/revisions\/1256"}],"wp:featuredmedia":[{"embeddable":true,"href":"https:\/\/www.lindagrossbrownstudio.com\/fr\/wp-json\/wp\/v2\/media\/217"}],"wp:attachment":[{"href":"https:\/\/www.lindagrossbrownstudio.com\/fr\/wp-json\/wp\/v2\/media?parent=1162"}],"curies":[{"name":"wp","href":"https:\/\/api.w.org\/{rel}","templated":true}]}}