{"id":1161,"date":"2017-03-16T01:47:13","date_gmt":"2017-03-16T01:47:13","guid":{"rendered":"http:\/\/www.lindagrossbrownstudio.com\/footsteps-7-2\/"},"modified":"2020-04-29T19:27:06","modified_gmt":"2020-04-29T19:27:06","slug":"footsteps-7","status":"publish","type":"page","link":"https:\/\/www.lindagrossbrownstudio.com\/fr\/footsteps-7\/","title":{"rendered":"Footsteps #7"},"content":{"rendered":"<div class=\"btm-inner-text\">\n<h2>R\u00e9compenses:<\/h2>\n<ul>\n<li>15 octobre 2018 &#8211; \u00ab\u00a0Footsteps # 7\u00a0\u00bb a re\u00e7u le \u00ab\u00a0Prix d&rsquo;excellence\u00a0\u00bb de la septi\u00e8me biennale des jurys des membres des Chicago Pastel Painters.<\/li>\n<li>3 octobre 2012 &#8211; \u00ab <a title=\"Footsteps #7\" href=\"http:\/\/www.lindagrossbrownstudio.com\/footsteps-7\/\">Footsteps #7<\/a> \u00bb de Linda Gross Brown a re\u00e7u la r\u00e9compense Leit(I) Sardin Sawyer lors de la 116e exposition-concours annuelle ouverte du <a href=\"http:\/\/www.clwac.org\/index.html\">Catharine Lorillard Wolfe Art Club<\/a> \u00e0 New York, dans l\u2019\u00c9tat de New York.<\/li>\n<\/ul>\n<h2>Expositions:<\/h2>\n<ul>\n<li>10 octobre 2019 &#8211; \u00ab Footsteps #7 \u00bb a \u00e9t\u00e9 s\u00e9lectionn\u00e9 pour la 91e grande exposition nationale de l&rsquo;American Artists Professional League. (11 novembre &#8211; 22 novembre 2019)<\/li>\n<li>20 juillet 2016 \u2013 \u00ab <a href=\"http:\/\/www.lindagrossbrownstudio.com\/footsteps-7-2\/?lang=fr\">Footsteps #7<\/a> \u00bb de Linda Gross Brown a \u00e9t\u00e9 s\u00e9lectionn\u00e9 comme finaliste du 33e concours d\u2019art annuel de <a href=\"http:\/\/www.artistsnetwork.com\/the-artists-magazine\" target=\"_blank\" rel=\"noopener noreferrer\">The Artist\u2019s Magazine<\/a>. Il sera inclus dans le num\u00e9ro de janvier\/f\u00e9vrier 2017.<\/li>\n<li>\u00ab Footsteps #7 \u00bb est s\u00e9lectionn\u00e9 pour la 3\u00e8me exposition d\u2019art international biennale des peintres pastel \u00e0 Oviedo, Espagne. (5 f\u00e9vrier &#8211; 21 f\u00e9vrier 2016)<\/li>\n<li>30 juillet 2015 &#8211; \u00ab Footsteps #3 \u00bb et \u00ab Footsteps #7 \u00bb de Linda Gross Brown sont s\u00e9lectionn\u00e9s comme finaliste dans la cat\u00e9gorie Paysages\/int\u00e9rieur du 32e concours d\u2019art annuel de The Artist\u2019s Magazine.<\/li>\n<li>8 octobre 2013 &#8211; \u00ab <a title=\"Treehaven #2\" href=\"http:\/\/www.lindagrossbrownstudio.com\/treehaven-2-2\/?lang=fr\">Treehaven #2<\/a> \u00bb et \u00ab <a title=\"Footsteps #7\" href=\"http:\/\/www.lindagrossbrownstudio.com\/footsteps-7-2\/?lang=fr\">Footsteps #7<\/a> \u00bb et \u00ab <a title=\"Footsteps #10\" href=\"http:\/\/www.lindagrossbrownstudio.com\/footsteps-10-2\/?lang=fr\">Footsteps #10<\/a> \u00bb sont s\u00e9lectionn\u00e9s pour la 100e exposition annuelle de l\u2019<a href=\"http:\/\/www.alliedartistsofamerica.org\/\">Allied Artists of America<\/a> \u00e0 New York, dans l\u2019\u00c9tat de New York.<\/li>\n<li>20 avril 2011 &#8211; \u00ab <a title=\"Footsteps #7\" href=\"http:\/\/www.lindagrossbrownstudio.com\/footsteps-7\/\">Footsteps #7<\/a> \u00bb et \u00ab <a title=\"Footsteps #10\" href=\"http:\/\/www.lindagrossbrownstudio.com\/footsteps-10\/\">Footsteps #10<\/a> \u00bb de Linda Gross Brown sont s\u00e9lectionn\u00e9s pour la 18e exposition-concours de l\u2019<a href=\"http:\/\/www.pastelinternational.com\/COMPETITIONS\/exhibitions.html\">International Association of Pastel Societies (IAPS) <\/a>. Albuquerque, New Mexico.<\/li>\n<\/ul>\n<p>Les galeries suivantes sont fi\u00e8res de repr\u00e9senter le travail de Linda dans les \u00c9tats du centre et de la c\u00f4te Est. Si vous d\u00e9sirez ajouter l\u2019un des pastels pris\u00e9s de Linda Gross Brown \u00e0 votre collection personnelle ou professionnelle, veuillez les contacter. Elles auront le plaisir de r\u00e9pondre \u00e0 vos questions sur un tel investissement : exp\u00e9dition, certificats d\u2019authenticit\u00e9, assurance, etc.<\/p>\n<p>Teresa M. DeChant<br \/>\nDeChant Art Consulting, LLC<br \/>\n<a href=\"tel:216%20276%200087\">216-276-0087<\/a><br \/>\n<a href=\"http:\/\/linkedin.com\/in\/teresa-m-dechant-79231912\">LinkedIn<\/a><\/p>\n<p><img decoding=\"async\" loading=\"lazy\" class=\"alignnone size-full wp-image-1359\" src=\"http:\/\/www.lindagrossbrownstudio.com\/wp-content\/uploads\/2016\/10\/bonfoey.png\" alt=\"\" width=\"112\" height=\"115\" \/><\/p>\n<p><a href=\"http:\/\/www.bonfoey.com\/\">Bonfoey Gallery<\/a><br \/>\nCleveland, Ohio<br \/>\nt\u00e9l: 216.621.0178<br \/>\nemail: gallery arobase bonfoey.com<\/p>\n<p><img decoding=\"async\" loading=\"lazy\" class=\"alignnone size-full wp-image-1361\" src=\"http:\/\/www.lindagrossbrownstudio.com\/wp-content\/uploads\/2016\/10\/river2.png\" alt=\"\" width=\"232\" height=\"85\" \/><\/p>\n<p><a href=\"http:\/\/www.rivergalleryarts.com\/\">River Gallery<\/a><br \/>\nRocky River, Ohio<br \/>\nt\u00e9l: 440.331.8406<br \/>\nemail: rivergalleryarts arobase yahoo.com<\/p>\n<\/div>\n","protected":false},"excerpt":{"rendered":"<p>R\u00e9compenses: 15 octobre 2018 &#8211; \u00ab\u00a0Footsteps # 7\u00a0\u00bb a re\u00e7u le \u00ab\u00a0Prix d&rsquo;excellence\u00a0\u00bb de la septi\u00e8me biennale des jurys des membres des Chicago Pastel Painters. 3 octobre 2012 &#8211; \u00ab Footsteps #7 \u00bb de Linda Gross Brown a re\u00e7u la r\u00e9compense Leit(I) Sardin Sawyer lors de la 116e exposition-concours annuelle ouverte du Catharine Lorillard Wolfe [&hellip;]<\/p>\n","protected":false},"author":2,"featured_media":216,"parent":0,"menu_order":0,"comment_status":"closed","ping_status":"closed","template":"","meta":[],"acf":[],"_links":{"self":[{"href":"https:\/\/www.lindagrossbrownstudio.com\/fr\/wp-json\/wp\/v2\/pages\/1161"}],"collection":[{"href":"https:\/\/www.lindagrossbrownstudio.com\/fr\/wp-json\/wp\/v2\/pages"}],"about":[{"href":"https:\/\/www.lindagrossbrownstudio.com\/fr\/wp-json\/wp\/v2\/types\/page"}],"author":[{"embeddable":true,"href":"https:\/\/www.lindagrossbrownstudio.com\/fr\/wp-json\/wp\/v2\/users\/2"}],"replies":[{"embeddable":true,"href":"https:\/\/www.lindagrossbrownstudio.com\/fr\/wp-json\/wp\/v2\/comments?post=1161"}],"version-history":[{"count":5,"href":"https:\/\/www.lindagrossbrownstudio.com\/fr\/wp-json\/wp\/v2\/pages\/1161\/revisions"}],"predecessor-version":[{"id":2235,"href":"https:\/\/www.lindagrossbrownstudio.com\/fr\/wp-json\/wp\/v2\/pages\/1161\/revisions\/2235"}],"wp:featuredmedia":[{"embeddable":true,"href":"https:\/\/www.lindagrossbrownstudio.com\/fr\/wp-json\/wp\/v2\/media\/216"}],"wp:attachment":[{"href":"https:\/\/www.lindagrossbrownstudio.com\/fr\/wp-json\/wp\/v2\/media?parent=1161"}],"curies":[{"name":"wp","href":"https:\/\/api.w.org\/{rel}","templated":true}]}}