{"id":1159,"date":"2017-03-16T01:45:56","date_gmt":"2017-03-16T01:45:56","guid":{"rendered":"http:\/\/www.lindagrossbrownstudio.com\/footsteps-5-2\/"},"modified":"2020-04-29T17:40:28","modified_gmt":"2020-04-29T17:40:28","slug":"footsteps-5","status":"publish","type":"page","link":"https:\/\/www.lindagrossbrownstudio.com\/fr\/footsteps-5\/","title":{"rendered":"Footsteps #5"},"content":{"rendered":"<div class=\"btm-inner-text\">\n<h2>R\u00e9compenses:<\/h2>\n<ul>\n<li>4 decembre 2015 &#8211; \u00ab <a title=\"Footsteps #5\" href=\"http:\/\/www.lindagrossbrownstudio.com\/footsteps-5\/\">Footsteps #5<\/a> \u00bb de Linda Gross Brown a re\u00e7u <b>Connecticut Pastel Society Award for a Pastel<\/b> \u00e0 la 119e exposition-concours ouverte annuelle du <a href=\"http:\/\/www.clwac.org\/\" target=\"_blank\" rel=\"noopener noreferrer\">Catherine Lorillard Wolfe Club<\/a> \u00e0 New York.<\/li>\n<li>10 novembre 2013 &#8211; \u00ab <a title=\"Footsteps #5\" href=\"http:\/\/www.lindagrossbrownstudio.com\/footsteps-5\/\">Footsteps #5<\/a> \u00bb de Linda Gross Brown a re\u00e7u <b>Wunderland\/Great American Artists Award<\/b> \u00e0 <a href=\"http:\/\/chicagopastelpainters.org\/\" target=\"_blank\" rel=\"noopener noreferrer\">Chicago Pastel Painters<\/a> <a href=\"http:\/\/chicagopastelpainters.org\/pastels-chicago-2013\/\" target=\"_blank\" rel=\"noopener noreferrer\">Pastels Chicago 2013<\/a> \u00e0 The Art Center Highland Park, dans l&rsquo;Etat de l&rsquo;Illinois.<\/li>\n<li>5 mars 2012 &#8211; \u00ab <a title=\"Footsteps #5\" href=\"http:\/\/www.lindagrossbrownstudio.com\/footsteps-5\/\">Footsteps #5<\/a> \u00bb de Linda Gross Brown a re\u00e7u <b>Prix de la Vermont Pastel Society<\/b> lors de l\u2019exposition-concours de l\u2019exposition Northeast National Pastel 2012 \u00e0 Old Forge, dans l\u2019\u00c9tat de New York.<\/li>\n<li>25 juin 2011 &#8211; \u00ab <a title=\"Footsteps #5\" href=\"http:\/\/www.lindagrossbrownstudio.com\/footsteps-5\/\">Footsteps #5<\/a> \u00bb de Linda Gross Brown a obtenu <b>la 2e place<\/b> dans la cat\u00e9gorie non-peintures \u00e0 l\u2019huile de l\u2019exposition Landscape 2011 de la Richeson Gallery of Art.<\/li>\n<li>Awarded <b>Top 100<\/b> in the <a href=\"http:\/\/http:\/\/www.internationalartsearch.com\/\/\">International Art Search<\/a> Annual Paintings &amp; Drawings Int&rsquo;l On-line Competition (December 2010)<\/li>\n<li>12 novembre 2010 &#8211; \u00ab <a title=\"Footsteps #5\" href=\"http:\/\/www.lindagrossbrownstudio.com\/footsteps-5\/\">Footsteps #5<\/a> \u00bb de Linda Gross Brown obtient <b>la M\u00e9daille d\u2019argent Dianne B. Bernhard<\/b> \u00e0 la 97e exposition annuelle des <a href=\"http:\/\/www.alliedartistsofamerica.org\/\">Allied Artists of America<\/a> au <a href=\"http:\/\/www.nationalartsclub.org\/\">National Arts Club<\/a>, New York City.<\/li>\n<li>29 octobre 2010 &#8211; <a title=\"Footsteps #5\" href=\"http:\/\/www.lindagrossbrownstudio.com\/footsteps-5\/\">Footsteps #5<\/a> de Linda Gross Brown obtient <b>la troisi\u00e8me place<\/b> \u00e0 la 2e exposition-concours annuelle en ligne de l\u2019<a href=\"http:\/\/uspapastelartists.org\">United Society of Pastel Artists<\/a>.<\/li>\n<\/ul>\n<h2>Expositions:<\/h2>\n<ul>\n<li>24 avril 2019 &#8211; \u00ab Footsteps #5 \u00bb a \u00e9t\u00e9 s\u00e9lectionn\u00e9 pour la 86\u00e8me exposition annuelle de la Hudson Valley Art Association.<\/li>\n<li>25 mai 2018 &#8211; \u00ab Footsteps #5 \u00bb de Linda Gross Brown a \u00e9t\u00e9 s\u00e9lectionn\u00e9 pour la finale de la 2018 International Pastel Show du Pastel en P\u00e9rigord \u00e0 Saint-Aulaye, dans l\u2019\u00c9tat de France. (26 juillet &#8211; 26 ao\u00fbt 2018)<\/li>\n<li>1 octobre 2015 \u2013 \u00ab Footsteps #5 \u00bb de Linda Gross Brown a \u00e9t\u00e9 s\u00e9lectionn\u00e9 pour la finale de la 119e exposition-concours annuelle ouverte du Catharine Lorillard Wolfe Art Club \u00e0 New York, dans l\u2019\u00c9tat de New York. (2 d\u00e9cembre &#8211; 19 d\u00e9cembre 2015)<\/li>\n<li>13 novembre 2013 \u2013 \u00ab Footsteps #5 \u00bb est s\u00e9lectionn\u00e9 pour la exposition d\u2019\u00e9t\u00e9 Pastel en P\u00e9rigord \u00e0 Saint-Aulaye en Dordogne, France. (26 juillet \u2013 24 ao\u00fbt 2014)<\/li>\n<li>10 novembre 2013 &#8211; \u00ab <a href=\"http:\/\/www.lindagrossbrownstudio.com\/footsteps-5-2\/?lang=fr\">Footsteps #5<\/a> \u00bb de Linda Gross Brown a re\u00e7u le <b>prix de Wunderland\/Great American Artworks<\/b> lors de <a href=\"http:\/\/www.chicagopastelpainters.org\/events.html\" target=\"_blank\" rel=\"noopener noreferrer\">Chicago Pastel Painters<\/a> au <a title=\"The Art Center - Highland Park\" href=\"http:\/\/theartcenterhp.org\/\">The Art Center &#8211; Highland Park<\/a>. (8 novembre &#8211; 4 janvier 2014)<\/li>\n<li>11 mai 2013 &#8211; \u00ab <a title=\"Footsteps #5\" href=\"http:\/\/www.lindagrossbrownstudio.com\/footsteps-5\/\">Footsteps #5<\/a> \u00bb de Linda Gross Brown est d\u00e9clar\u00e9 <b>finaliste<\/b> de la 18e exposition-concours de <a href=\"http:\/\/www.hudsonart.org\/hvaaexheventpage.html#!exhibitions\/cee5\">Hudson Valley Art Association (HVAA) <\/a> \u00e0 Old Lyme, dans le Connecticut<\/li>\n<li>17 f\u00e9vrier 2011 &#8211; <a title=\"Footsteps #5\" href=\"http:\/\/www.lindagrossbrownstudio.com\/footsteps-5\/\">Footsteps #5<\/a> de Linda Gross Brown est s\u00e9lectionn\u00e9 pour la 51e exposition internationale du <a href=\"http:\/\/www.sandiego-art.org\/\">San Diego Art Institute<\/a>.<\/li>\n<li>30 septembre 2010 &#8211; \u00ab <a title=\"Footsteps #5\" href=\"http:\/\/www.lindagrossbrownstudio.com\/footsteps-5\/\">Footsteps #5<\/a> \u00bb de Linda Gross Brown est s\u00e9lectionn\u00e9 \u00e0 la 97e exposition annuelle des <a href=\"http:\/\/www.alliedartistsofamerica.org\/\">Allied Artists of America&rsquo;s<\/a> au <a href=\"http:\/\/www.nationalartsclub.org\/\">National Arts Club<\/a>.<\/li>\n<li>11 juillet 11 \u2013 29 ao\u00fbt 2010 &#8211; \u00ab <a title=\"Footsteps #5\" href=\"http:\/\/www.lindagrossbrownstudio.com\/footsteps-5\/\">Footsteps #5<\/a> \u00bb est s\u00e9lectionn\u00e9 pour la 16e exposition-concours de l\u2019<a href=\"http:\/\/www.pastelinternational.com\/COMPETITIONS\/sixteenth-butler\/sixteenthjuried.html\">International Association of Pastel Societies (IAPS)<\/a>, <a href=\"http:\/\/www.butlerart.com\/\">The Butler Institute of American Art<\/a>. Youngstown, Ohio<\/li>\n<\/ul>\n<p>Les galeries suivantes sont fi\u00e8res de repr\u00e9senter le travail de Linda dans les \u00c9tats du centre et de la c\u00f4te Est. Si vous d\u00e9sirez ajouter l\u2019un des pastels pris\u00e9s de Linda Gross Brown \u00e0 votre collection personnelle ou professionnelle, veuillez les contacter. Elles auront le plaisir de r\u00e9pondre \u00e0 vos questions sur un tel investissement : exp\u00e9dition, certificats d\u2019authenticit\u00e9, assurance, etc.<\/p>\n<p>Teresa M. DeChant<br \/>\nDeChant Art Consulting, LLC<br \/>\n<a href=\"tel:216%20276%200087\">216-276-0087<\/a><br \/>\n<a href=\"http:\/\/linkedin.com\/in\/teresa-m-dechant-79231912\">LinkedIn<\/a><\/p>\n<p><img decoding=\"async\" loading=\"lazy\" class=\"alignnone size-full wp-image-1359\" src=\"http:\/\/www.lindagrossbrownstudio.com\/wp-content\/uploads\/2016\/10\/bonfoey.png\" alt=\"\" width=\"112\" height=\"115\" \/><\/p>\n<p><a href=\"http:\/\/www.bonfoey.com\/\">Bonfoey Gallery<\/a><br \/>\nCleveland, Ohio<br \/>\nt\u00e9l: 216.621.0178<br \/>\nemail: gallery arobase bonfoey.com<\/p>\n<p><img decoding=\"async\" loading=\"lazy\" class=\"alignnone size-full wp-image-1361\" src=\"http:\/\/www.lindagrossbrownstudio.com\/wp-content\/uploads\/2016\/10\/river2.png\" alt=\"\" width=\"232\" height=\"85\" \/><\/p>\n<p><a href=\"http:\/\/www.rivergalleryarts.com\/\">River Gallery<\/a><br \/>\nRocky River, Ohio<br \/>\nt\u00e9l: 440.331.8406<br \/>\nemail: rivergalleryarts arobase yahoo.com<\/p>\n<\/div>\n","protected":false},"excerpt":{"rendered":"<p>R\u00e9compenses: 4 decembre 2015 &#8211; \u00ab Footsteps #5 \u00bb de Linda Gross Brown a re\u00e7u Connecticut Pastel Society Award for a Pastel \u00e0 la 119e exposition-concours ouverte annuelle du Catherine Lorillard Wolfe Club \u00e0 New York. 10 novembre 2013 &#8211; \u00ab Footsteps #5 \u00bb de Linda Gross Brown a re\u00e7u Wunderland\/Great American Artists Award \u00e0 [&hellip;]<\/p>\n","protected":false},"author":2,"featured_media":214,"parent":0,"menu_order":0,"comment_status":"closed","ping_status":"closed","template":"","meta":[],"acf":[],"_links":{"self":[{"href":"https:\/\/www.lindagrossbrownstudio.com\/fr\/wp-json\/wp\/v2\/pages\/1159"}],"collection":[{"href":"https:\/\/www.lindagrossbrownstudio.com\/fr\/wp-json\/wp\/v2\/pages"}],"about":[{"href":"https:\/\/www.lindagrossbrownstudio.com\/fr\/wp-json\/wp\/v2\/types\/page"}],"author":[{"embeddable":true,"href":"https:\/\/www.lindagrossbrownstudio.com\/fr\/wp-json\/wp\/v2\/users\/2"}],"replies":[{"embeddable":true,"href":"https:\/\/www.lindagrossbrownstudio.com\/fr\/wp-json\/wp\/v2\/comments?post=1159"}],"version-history":[{"count":5,"href":"https:\/\/www.lindagrossbrownstudio.com\/fr\/wp-json\/wp\/v2\/pages\/1159\/revisions"}],"predecessor-version":[{"id":2221,"href":"https:\/\/www.lindagrossbrownstudio.com\/fr\/wp-json\/wp\/v2\/pages\/1159\/revisions\/2221"}],"wp:featuredmedia":[{"embeddable":true,"href":"https:\/\/www.lindagrossbrownstudio.com\/fr\/wp-json\/wp\/v2\/media\/214"}],"wp:attachment":[{"href":"https:\/\/www.lindagrossbrownstudio.com\/fr\/wp-json\/wp\/v2\/media?parent=1159"}],"curies":[{"name":"wp","href":"https:\/\/api.w.org\/{rel}","templated":true}]}}