{"id":1157,"date":"2017-03-16T01:44:20","date_gmt":"2017-03-16T01:44:20","guid":{"rendered":"http:\/\/www.lindagrossbrownstudio.com\/footsteps-3-2\/"},"modified":"2025-12-03T09:03:06","modified_gmt":"2025-12-03T09:03:06","slug":"footsteps-3","status":"publish","type":"page","link":"https:\/\/www.lindagrossbrownstudio.com\/fr\/footsteps-3\/","title":{"rendered":"Footsteps #3"},"content":{"rendered":"<div class=\"btm-inner-text\">\n<h2>R\u00e9compenses:<\/h2>\n<ul>\n<li>22 mai 2012 &#8211; \u00ab <a title=\"Footsteps #3\" href=\"http:\/\/www.lindagrossbrownstudio.com\/footsteps-3\/\">Footsteps #3<\/a> \u00bb de Linda Gross Brown a re\u00e7u <b>la r\u00e9compense Prismacolor<\/b> lors de la quatri\u00e8me exposition-concours bisannuelle du <a title=\"Chicago Pastel Painteres\" href=\"http:\/\/chicagopastelpainters.org\/\">Chicago Pastel Painters<\/a> \u00e0 Chicago, dans l\u2019Illinois.<\/li>\n<li>15 septembre 2011 &#8211; \u00ab <a title=\"Footsteps #3\" href=\"http:\/\/www.lindagrossbrownstudio.com\/footsteps-3\/\">Footsteps #3<\/a> \u00bb de Linda Gross Brown a re\u00e7u <b>le prix Prismacolor<\/b> lors de l\u2019exposition-concours de <a title=\"Chicago Pastel Painteres\" href=\"http:\/\/chicagopastelpainters.org\/\">Chicago Pastel Painters<\/a> Pastels Chicago \u00e0 Oak Brook, dans l\u2019Illinois.<\/li>\n<li>novembre 2009 &#8211; Mention honorable attribu\u00e9e \u00e0 \u00ab <a title=\"Footsteps #3\" href=\"http:\/\/www.lindagrossbrownstudio.com\/footsteps-3\/\">Footsteps #3<\/a> \u00bb lors du 11e concours annuel Pastel 100 du <a href=\"http:\/\/www.artistsnetwork.com\/pasteljournal\/\">Pastel Journal<\/a><\/li>\n<\/ul>\n<h2>Expositions:<\/h2>\n<ul>\n<li>12\/01\/25 &#8211; \u00ab Footsteps #3 \u00bb a \u00e9t\u00e9 s\u00e9lectionn\u00e9 pour l&rsquo;exposition annuelle des membres de Salmagundi. <\/li>\n<li>30 avril 2019 &#8211; \u00ab Footsteps #3 \u00bb et \u00ab <a href=\"http:\/\/www.lindagrossbrownstudio.com\/fr\/footsteps-9\/\">Footsteps #9<\/a> \u00bb ont \u00e9t\u00e9 accept\u00e9s dans l&rsquo;exposition en ligne annuelle des membres du <a href=\"https:\/\/www.clwac.org\/\">CLWAC<\/a> 2019.<\/li>\n<li>2 janvier 2016 &#8211; Linda Gross Brown et ses \u0153uvres \u00ab Cotswalds #1 \u00bb et \u00ab Footsteps #3 \u00bb et \u00ab Tracks in the Sand \u00bb ont \u00e9t\u00e9 invit\u00e9s \u00e0 l&rsquo;exposition <a href=\"http:\/\/www.pastelenperigord.net\/&quot;\" target=\"_blank\" rel=\"noopener noreferrer\">Pastel en P\u00e9rigord<\/a> \u00e0 Saint-Aulaye en Dordogne, France. (23 juillet &#8211; 21 ao\u00fbt 2016)<\/li>\n<li>30 juillet 2015 &#8211; \u00ab Footsteps #3 \u00bb et \u00ab Footsteps #7 \u00bb de Linda Gross Brown sont s\u00e9lectionn\u00e9s comme finaliste dans la cat\u00e9gorie Paysages\/int\u00e9rieur du 32e concours d\u2019art annuel de The Artist\u2019s Magazine.<\/li>\n<li>17 juin 2010 &#8211; \u00ab <a title=\"Footsteps #3\" href=\"http:\/\/www.lindagrossbrownstudio.com\/footsteps-3\/\">Footsteps #3<\/a> \u00bb est s\u00e9lectionn\u00e9 pour la 28e exposition-concours annuelle de <a href=\"http:\/\/www.pleiadesgallery.com\/index.html\" target=\"_blank\" rel=\"noopener noreferrer\">The Pleiades Gallery<\/a> (du 15 juillet au 7 ao\u00fbt 2010). Le jury \u00e9tait pr\u00e9sid\u00e9 par M. Stephen Doherty, r\u00e9dacteur en chef de l\u2019<a href=\"http:\/\/www.artistdaily.com\/\" target=\"_blank\" rel=\"noopener noreferrer\">American Artist Magazine<\/a>.<\/li>\n<\/ul>\n<p>Les galeries suivantes sont fi\u00e8res de repr\u00e9senter le travail de Linda dans les \u00c9tats du centre et de la c\u00f4te Est. Si vous d\u00e9sirez ajouter l\u2019un des pastels pris\u00e9s de Linda Gross Brown \u00e0 votre collection personnelle ou professionnelle, veuillez les contacter. Elles auront le plaisir de r\u00e9pondre \u00e0 vos questions sur un tel investissement : exp\u00e9dition, certificats d\u2019authenticit\u00e9, assurance, etc.<\/p>\n<p>Teresa M. DeChant<br \/>\nDeChant Art Consulting, LLC<br \/>\n<a href=\"tel:216%20276%200087\">216-276-0087<\/a><br \/>\n<a href=\"http:\/\/linkedin.com\/in\/teresa-m-dechant-79231912\">LinkedIn<\/a><\/p>\n<p><img decoding=\"async\" loading=\"lazy\" class=\"alignnone size-full wp-image-1359\" src=\"http:\/\/www.lindagrossbrownstudio.com\/wp-content\/uploads\/2016\/10\/bonfoey.png\" alt=\"\" width=\"112\" height=\"115\" \/><\/p>\n<p><a href=\"http:\/\/www.bonfoey.com\/\">Bonfoey Gallery<\/a><br \/>\nCleveland, Ohio<br \/>\nt\u00e9l: 216.621.0178<br \/>\nemail: gallery arobase bonfoey.com<\/p>\n<p><img decoding=\"async\" loading=\"lazy\" class=\"alignnone size-full wp-image-1361\" src=\"http:\/\/www.lindagrossbrownstudio.com\/wp-content\/uploads\/2016\/10\/river2.png\" alt=\"\" width=\"232\" height=\"85\" \/><\/p>\n<p><a href=\"http:\/\/www.rivergalleryarts.com\/\">River Gallery<\/a><br \/>\nRocky River, Ohio<br \/>\nt\u00e9l: 440.331.8406<br \/>\nemail: rivergalleryarts arobase yahoo.com<\/p>\n<\/div>\n","protected":false},"excerpt":{"rendered":"<p>R\u00e9compenses: 22 mai 2012 &#8211; \u00ab Footsteps #3 \u00bb de Linda Gross Brown a re\u00e7u la r\u00e9compense Prismacolor lors de la quatri\u00e8me exposition-concours bisannuelle du Chicago Pastel Painters \u00e0 Chicago, dans l\u2019Illinois. 15 septembre 2011 &#8211; \u00ab Footsteps #3 \u00bb de Linda Gross Brown a re\u00e7u le prix Prismacolor lors de l\u2019exposition-concours de Chicago Pastel [&hellip;]<\/p>\n","protected":false},"author":2,"featured_media":2656,"parent":0,"menu_order":0,"comment_status":"closed","ping_status":"closed","template":"","meta":[],"acf":[],"_links":{"self":[{"href":"https:\/\/www.lindagrossbrownstudio.com\/fr\/wp-json\/wp\/v2\/pages\/1157"}],"collection":[{"href":"https:\/\/www.lindagrossbrownstudio.com\/fr\/wp-json\/wp\/v2\/pages"}],"about":[{"href":"https:\/\/www.lindagrossbrownstudio.com\/fr\/wp-json\/wp\/v2\/types\/page"}],"author":[{"embeddable":true,"href":"https:\/\/www.lindagrossbrownstudio.com\/fr\/wp-json\/wp\/v2\/users\/2"}],"replies":[{"embeddable":true,"href":"https:\/\/www.lindagrossbrownstudio.com\/fr\/wp-json\/wp\/v2\/comments?post=1157"}],"version-history":[{"count":5,"href":"https:\/\/www.lindagrossbrownstudio.com\/fr\/wp-json\/wp\/v2\/pages\/1157\/revisions"}],"predecessor-version":[{"id":3176,"href":"https:\/\/www.lindagrossbrownstudio.com\/fr\/wp-json\/wp\/v2\/pages\/1157\/revisions\/3176"}],"wp:featuredmedia":[{"embeddable":true,"href":"https:\/\/www.lindagrossbrownstudio.com\/fr\/wp-json\/wp\/v2\/media\/2656"}],"wp:attachment":[{"href":"https:\/\/www.lindagrossbrownstudio.com\/fr\/wp-json\/wp\/v2\/media?parent=1157"}],"curies":[{"name":"wp","href":"https:\/\/api.w.org\/{rel}","templated":true}]}}