{"id":1153,"date":"2017-02-22T00:16:19","date_gmt":"2017-02-22T00:16:19","guid":{"rendered":"http:\/\/www.lindagrossbrownstudio.com\/footsteps-14-2\/"},"modified":"2020-09-28T13:18:18","modified_gmt":"2020-09-28T13:18:18","slug":"footsteps-14","status":"publish","type":"page","link":"https:\/\/www.lindagrossbrownstudio.com\/fr\/footsteps-14\/","title":{"rendered":"Footsteps #14"},"content":{"rendered":"<div class=\"btm-inner-text\">\n<h2>R\u00c9COMPENSES:<\/h2>\n<ul>\n<li>21 septembre 2020 &#8211; \u00ab Footsteps #14 \u00bb a re\u00e7u le prix du m\u00e9rite de la huiti\u00e8me biennale des jurys des membres des Chicago Pastel Painters. (1 septembre &#8211; 31 d\u00e9cembre 2020)<\/li>\n<li>20 avril 2020 &#8211; \u00abFootsteps # 14\u00bb re\u00e7oit le prix Juror\u2019s Choice lors de l&rsquo;Exposition nationale annuelle 2020 de l&rsquo;Acad\u00e9mie Center for the Arts, Lynchburg, VA.<\/li>\n<li>18 juin 2016 &#8211; \u00ab Footsteps #14 \u00bb a re\u00e7u la r\u00e9compense Ampersand Art Supply Award lors de l&rsquo;exposition-concours For Pastels Only on Cape Cod 2016 de la <a href=\"http:\/\/www.pastelpainterssocietyofcapecod.com\" target=\"_blank\" rel=\"noopener noreferrer\">Pastel Painters Society of Cape Cod<\/a>. (14 juin &#8211; 10 juillet 2016)<\/li>\n<\/ul>\n<h2>EXPOSITIONS:<\/h2>\n<ul>\n<li>23 ao\u00fbt 2020 &#8211; \u00ab Footsteps #13 \u00bb et \u00ab Footsteps #14 \u00bb ont \u00e9t\u00e9 s\u00e9lectionn\u00e9s pour la 8e exposition juridique biennale des membres, Strokin\u2019 VIII! 2020. (1 septembre &#8211; 31 d\u00e9cembre 2020)<\/li>\n<li>20 juillet 2019 &#8211; \u00ab Footsteps #14 \u00bb est s\u00e9lectionn\u00e9 pour la 106\u00e8me exposition annuelle des <a href=\"https:\/\/alliedartistsofamerica.org\/home\">Allied Artists of America<\/a>. (<span class=\"tlid-translation translation\" lang=\"fr\"><span class=\"\" title=\"\">12 ao\u00fbt &#8211; 22 septembre<\/span><\/span> 2019)<\/li>\n<li>17 octobre 2018 &#8211; Admis \u00e0 la 122\u00e8me exposition annuelle du Catharine Lorillard Wolfe Art Club au National Arts Club, \u00e0 New York, NY (8 &#8211; 25 janvier 2019).<\/li>\n<li>16 octobre 2018 &#8211; Admis \u00e0 la 90\u00e8me grande exposition nationale de la American Artists Professional League au Salmagundi Club de New York, NY (11 nov. &#8211; 19 nov. 2018)<\/li>\n<li>6 mai 2016 &#8211; \u00ab Footsteps #14 \u00bb a \u00e9t\u00e9 s\u00e9lectionn\u00e9 pour l&rsquo;exposition-concours annuelle PPSCC For Pastels Only on Cape Cod 2016 de la <a href=\"http:\/\/www.pastelpainterssocietyofcapecod.com\" target=\"_blank\" rel=\"noopener noreferrer\">Pastel Painters Society of Cape Cod<\/a>. (14 juin &#8211; 10 juillet 2016)<\/li>\n<li>22 mai 2015 &#8211; \u00ab Footsteps #14 \u00bb a \u00e9t\u00e9 s\u00e9lectionn\u00e9 comme finaliste du concours d\u2019art annuel de Art Renewal Center.<\/li>\n<li>19 f\u00e9vrier 2014 \u2013 <a href=\"http:\/\/www.lindagrossbrownstudio.com\/footsteps-14-2\/?lang=fr\" target=\"_blank\" rel=\"noopener noreferrer\">\u00ab Footsteps #14 \u00bb<\/a> de Linda Gross Brown a \u00e9t\u00e9 s\u00e9lectionn\u00e9 pour la finale du concours des 2014 Great Lakes Pastel Society exposition d\u2019art nationale au Dennos Museum Center \u00e0 Traverse City, Michigan. (13 avril &#8211; 25 ao\u00fbt 2014).<\/li>\n<li>8 novembre 2013 &#8211; \u00ab <a href=\"http:\/\/www.lindagrossbrownstudio.com\/footsteps-14-2\/?lang=fr\">Footsteps #14<\/a> \u00bb de Linda Gross Brown est s\u00e9lectionn\u00e9 pour la 23e exposition-concours de l\u2019<a href=\"http:\/\/www.pastelinternational.com\/COMPETITIONS\/exhibitions.html\">International Association of Pastel Societies (IAPS) <\/a>.<\/li>\n<\/ul>\n<p>Les galeries suivantes sont fi\u00e8res de repr\u00e9senter le travail de Linda dans les \u00c9tats du centre et de la c\u00f4te Est. Si vous d\u00e9sirez ajouter l\u2019un des pastels pris\u00e9s de Linda Gross Brown \u00e0 votre collection personnelle ou professionnelle, veuillez les contacter. Elles auront le plaisir de r\u00e9pondre \u00e0 vos questions sur un tel investissement : exp\u00e9dition, certificats d\u2019authenticit\u00e9, assurance, etc.<\/p>\n<p>Teresa M. DeChant<br \/>\nDeChant Art Consulting, LLC<br \/>\n<a href=\"tel:216%20276%200087\">216-276-0087<\/a><br \/>\n<a href=\"http:\/\/linkedin.com\/in\/teresa-m-dechant-79231912\">LinkedIn<\/a><\/p>\n<p><img decoding=\"async\" loading=\"lazy\" class=\"alignnone size-full wp-image-1359\" src=\"http:\/\/www.lindagrossbrownstudio.com\/wp-content\/uploads\/2016\/10\/bonfoey.png\" alt=\"\" width=\"112\" height=\"115\" \/><\/p>\n<p><a href=\"http:\/\/www.bonfoey.com\/\">Bonfoey Gallery<\/a><br \/>\nCleveland, Ohio<br \/>\nt\u00e9l: 216.621.0178<br \/>\nemail: gallery arobase bonfoey.com<\/p>\n<p><img decoding=\"async\" loading=\"lazy\" class=\"alignnone size-full wp-image-1361\" src=\"http:\/\/www.lindagrossbrownstudio.com\/wp-content\/uploads\/2016\/10\/river2.png\" alt=\"\" width=\"232\" height=\"85\" \/><\/p>\n<p><a href=\"http:\/\/www.rivergalleryarts.com\/\">River Gallery<\/a><br \/>\nRocky River, Ohio<br \/>\nt\u00e9l: 440.331.8406<br \/>\nemail: rivergalleryarts arobase yahoo.com<\/p>\n<\/div>\n","protected":false},"excerpt":{"rendered":"<p>R\u00c9COMPENSES: 21 septembre 2020 &#8211; \u00ab Footsteps #14 \u00bb a re\u00e7u le prix du m\u00e9rite de la huiti\u00e8me biennale des jurys des membres des Chicago Pastel Painters. (1 septembre &#8211; 31 d\u00e9cembre 2020) 20 avril 2020 &#8211; \u00abFootsteps # 14\u00bb re\u00e7oit le prix Juror\u2019s Choice lors de l&rsquo;Exposition nationale annuelle 2020 de l&rsquo;Acad\u00e9mie Center for [&hellip;]<\/p>\n","protected":false},"author":1,"featured_media":113,"parent":0,"menu_order":0,"comment_status":"closed","ping_status":"closed","template":"","meta":[],"acf":[],"_links":{"self":[{"href":"https:\/\/www.lindagrossbrownstudio.com\/fr\/wp-json\/wp\/v2\/pages\/1153"}],"collection":[{"href":"https:\/\/www.lindagrossbrownstudio.com\/fr\/wp-json\/wp\/v2\/pages"}],"about":[{"href":"https:\/\/www.lindagrossbrownstudio.com\/fr\/wp-json\/wp\/v2\/types\/page"}],"author":[{"embeddable":true,"href":"https:\/\/www.lindagrossbrownstudio.com\/fr\/wp-json\/wp\/v2\/users\/1"}],"replies":[{"embeddable":true,"href":"https:\/\/www.lindagrossbrownstudio.com\/fr\/wp-json\/wp\/v2\/comments?post=1153"}],"version-history":[{"count":10,"href":"https:\/\/www.lindagrossbrownstudio.com\/fr\/wp-json\/wp\/v2\/pages\/1153\/revisions"}],"predecessor-version":[{"id":2333,"href":"https:\/\/www.lindagrossbrownstudio.com\/fr\/wp-json\/wp\/v2\/pages\/1153\/revisions\/2333"}],"wp:featuredmedia":[{"embeddable":true,"href":"https:\/\/www.lindagrossbrownstudio.com\/fr\/wp-json\/wp\/v2\/media\/113"}],"wp:attachment":[{"href":"https:\/\/www.lindagrossbrownstudio.com\/fr\/wp-json\/wp\/v2\/media?parent=1153"}],"curies":[{"name":"wp","href":"https:\/\/api.w.org\/{rel}","templated":true}]}}