{"id":1149,"date":"2017-03-16T01:35:29","date_gmt":"2017-03-16T01:35:29","guid":{"rendered":"http:\/\/www.lindagrossbrownstudio.com\/footsteps-10-2\/"},"modified":"2020-04-29T20:05:01","modified_gmt":"2020-04-29T20:05:01","slug":"footsteps-10","status":"publish","type":"page","link":"https:\/\/www.lindagrossbrownstudio.com\/fr\/footsteps-10\/","title":{"rendered":"Footsteps #10"},"content":{"rendered":"<div class=\"btm-inner-text\">\n<h2>R\u00e9compenses:<\/h2>\n<ul>\n<li>21 novembre 2012 &#8211; \u00ab <a title=\"Footsteps #10\" href=\"http:\/\/www.lindagrossbrownstudio.com\/footsteps-10\/\">Footsteps #10<\/a> \u00bb de Linda Gross Brown a re\u00e7u la r\u00e9compense William Alfred White Memorial lors de la 129e exposition annuelle des membres du <a href=\"http:\/\/www.salmagundi.org\/\">Salmagundi Art Club New York<\/a> \u00e0 New York, dans l\u2019\u00c9tat de New York.<\/li>\n<li>Considered a <b>Meritorious Entry<\/b> in the Richeson 75 <i>Pastels 2012<\/i> Exhibit. (March 9, 2012)<\/li>\n<\/ul>\n<h2>Expositions:<\/h2>\n<ul>\n<li>\u00ab Footsteps #10 \u00bb a \u00e9t\u00e9 s\u00e9lectionn\u00e9 pour l&rsquo;Exposition nationale annuelle 2020 de l&rsquo;Acad\u00e9mie Center for the Arts, Lynchburg, VA. (3 avril &#8211; 25 avril, 2020)<\/li>\n<li>\u00ab Footsteps #10 \u00bb a \u00e9t\u00e9 s\u00e9lectionn\u00e9 pour la 123e exposition ouverte annuelle du Catharine Lorillard Wolfe Art Club au National Arts Club, New York, NY. (17 janvier &#8211; 31 janvier 2020)<\/li>\n<li>\u00ab Footsteps #10 \u00bb a \u00e9t\u00e9 s\u00e9lectionn\u00e9 pour la finale de la American Artists Professional League 87e exposition-concours au American Artists Professional League Gallery \u00e0 New York, dans l\u2019\u00c9tat de New York. (8 novembre \u2013 20 novembre 2014)<\/li>\n<li>16 mai 2015 &#8211; \u00ab Footsteps #10 \u00bb de Linda Gross Brown a \u00e9t\u00e9 s\u00e9lectionn\u00e9 comme finaliste du concours d\u2019art annuel de Bowery Gallery \u00e0 New York, dans l\u2019\u00c9tat de New York. (28 juillet &#8211; 15 ao\u00fbt 2015)<\/li>\n<li>8 octobre 2013 &#8211; \u00ab <a title=\"Treehaven #2\" href=\"http:\/\/www.lindagrossbrownstudio.com\/treehaven-2-2\/?lang=fr\">Treehaven #2<\/a> \u00bb et \u00ab <a title=\"Footsteps #7\" href=\"http:\/\/www.lindagrossbrownstudio.com\/footsteps-7-2\/?lang=fr\">Footsteps #7<\/a> \u00bb et \u00ab <a title=\"Footsteps #10\" href=\"http:\/\/www.lindagrossbrownstudio.com\/footsteps-10-2\/?lang=fr\">Footsteps #10<\/a> \u00bb sont s\u00e9lectionn\u00e9s pour la 100e exposition annuelle de l\u2019<a href=\"http:\/\/www.alliedartistsofamerica.org\/\">Allied Artists of America<\/a> \u00e0 New York, dans l\u2019\u00c9tat de New York.<\/li>\n<li>25 juin 2013 \u00ab <a title=\"Footsteps #10\" href=\"http:\/\/www.lindagrossbrownstudio.com\/footsteps-10\/\">Footsteps #10<\/a> \u00bb de Linda Gross Brown a \u00e9t\u00e9 s\u00e9lectionn\u00e9 pour la finale du concours des <a href=\"http:\/\/www.mgal.org\/\">Memphis\/Germantown Art League <\/a> exposition-concours national de Cordova, dans le Tennesse.<\/li>\n<li>20 avril 2011 &#8211; \u00ab <a title=\"Footsteps #7\" href=\"http:\/\/www.lindagrossbrownstudio.com\/footsteps-7\/\">Footsteps #7<\/a> \u00bb et \u00ab <a title=\"Footsteps #10\" href=\"http:\/\/www.lindagrossbrownstudio.com\/footsteps-10\/\">Footsteps #10<\/a> \u00bb de Linda Gross Brown sont s\u00e9lectionn\u00e9s pour la 18e exposition-concours de l\u2019<a href=\"http:\/\/www.pastelinternational.com\/COMPETITIONS\/exhibitions.html\">International Association of Pastel Societies (IAPS) <\/a>. Albuquerque, New Mexico.<\/li>\n<\/ul>\n<p>Les galeries suivantes sont fi\u00e8res de repr\u00e9senter le travail de Linda dans les \u00c9tats du centre et de la c\u00f4te Est. Si vous d\u00e9sirez ajouter l\u2019un des pastels pris\u00e9s de Linda Gross Brown \u00e0 votre collection personnelle ou professionnelle, veuillez les contacter. Elles auront le plaisir de r\u00e9pondre \u00e0 vos questions sur un tel investissement : exp\u00e9dition, certificats d\u2019authenticit\u00e9, assurance, etc.<\/p>\n<p>Teresa M. DeChant<br \/>\nDeChant Art Consulting, LLC<br \/>\n<a href=\"tel:216%20276%200087\">216-276-0087<\/a><br \/>\n<a href=\"http:\/\/linkedin.com\/in\/teresa-m-dechant-79231912\">LinkedIn<\/a><\/p>\n<p><img decoding=\"async\" loading=\"lazy\" class=\"alignnone size-full wp-image-1359\" src=\"http:\/\/www.lindagrossbrownstudio.com\/wp-content\/uploads\/2016\/10\/bonfoey.png\" alt=\"\" width=\"112\" height=\"115\" \/><\/p>\n<p><a href=\"http:\/\/www.bonfoey.com\/\">Bonfoey Gallery<\/a><br \/>\nCleveland, Ohio<br \/>\nt\u00e9l: 216.621.0178<br \/>\nemail: gallery arobase bonfoey.com<\/p>\n<p><img decoding=\"async\" loading=\"lazy\" class=\"alignnone size-full wp-image-1361\" src=\"http:\/\/www.lindagrossbrownstudio.com\/wp-content\/uploads\/2016\/10\/river2.png\" alt=\"\" width=\"232\" height=\"85\" \/><\/p>\n<p><a href=\"http:\/\/www.rivergalleryarts.com\/\">River Gallery<\/a><br \/>\nRocky River, Ohio<br \/>\nt\u00e9l: 440.331.8406<br \/>\nemail: rivergalleryarts arobase yahoo.com<\/p>\n<\/div>\n","protected":false},"excerpt":{"rendered":"<p>R\u00e9compenses: 21 novembre 2012 &#8211; \u00ab Footsteps #10 \u00bb de Linda Gross Brown a re\u00e7u la r\u00e9compense William Alfred White Memorial lors de la 129e exposition annuelle des membres du Salmagundi Art Club New York \u00e0 New York, dans l\u2019\u00c9tat de New York. Considered a Meritorious Entry in the Richeson 75 Pastels 2012 Exhibit. (March [&hellip;]<\/p>\n","protected":false},"author":2,"featured_media":219,"parent":0,"menu_order":0,"comment_status":"closed","ping_status":"closed","template":"","meta":[],"acf":[],"_links":{"self":[{"href":"https:\/\/www.lindagrossbrownstudio.com\/fr\/wp-json\/wp\/v2\/pages\/1149"}],"collection":[{"href":"https:\/\/www.lindagrossbrownstudio.com\/fr\/wp-json\/wp\/v2\/pages"}],"about":[{"href":"https:\/\/www.lindagrossbrownstudio.com\/fr\/wp-json\/wp\/v2\/types\/page"}],"author":[{"embeddable":true,"href":"https:\/\/www.lindagrossbrownstudio.com\/fr\/wp-json\/wp\/v2\/users\/2"}],"replies":[{"embeddable":true,"href":"https:\/\/www.lindagrossbrownstudio.com\/fr\/wp-json\/wp\/v2\/comments?post=1149"}],"version-history":[{"count":6,"href":"https:\/\/www.lindagrossbrownstudio.com\/fr\/wp-json\/wp\/v2\/pages\/1149\/revisions"}],"predecessor-version":[{"id":2247,"href":"https:\/\/www.lindagrossbrownstudio.com\/fr\/wp-json\/wp\/v2\/pages\/1149\/revisions\/2247"}],"wp:featuredmedia":[{"embeddable":true,"href":"https:\/\/www.lindagrossbrownstudio.com\/fr\/wp-json\/wp\/v2\/media\/219"}],"wp:attachment":[{"href":"https:\/\/www.lindagrossbrownstudio.com\/fr\/wp-json\/wp\/v2\/media?parent=1149"}],"curies":[{"name":"wp","href":"https:\/\/api.w.org\/{rel}","templated":true}]}}