{"id":1148,"date":"2017-03-16T01:34:39","date_gmt":"2017-03-16T01:34:39","guid":{"rendered":"http:\/\/www.lindagrossbrownstudio.com\/footsteps-1-2\/"},"modified":"2018-01-01T21:42:11","modified_gmt":"2018-01-01T21:42:11","slug":"footsteps-1","status":"publish","type":"page","link":"https:\/\/www.lindagrossbrownstudio.com\/fr\/footsteps-1\/","title":{"rendered":"Footsteps #1"},"content":{"rendered":"<div class=\"btm-inner-text\">\n<h2>R\u00e9compenses:<\/h2>\n<ul>\n<li>1 juillet 2011 &#8211; \u00ab <a title=\"Footsteps #1\" href=\"http:\/\/www.lindagrossbrownstudio.com\/footsteps-1\/\">Footsteps #1<\/a> \u00bb de Linda Gross Brown a \u00e9t\u00e9 s\u00e9lectionn\u00e9 comme <b>finaliste<\/b> dans la cat\u00e9gorie Paysages\/int\u00e9rieur du 28e concours d\u2019art annuel de <i>The Artist\u2019s Magazine<\/i>. Il sera inclus dans le num\u00e9ro de d\u00e9cembre 2011.<\/li>\n<li>16 d\u00e9cembre 2010 &#8211; \u00ab <a title=\"Footsteps #1\" href=\"http:\/\/www.lindagrossbrownstudio.com\/footsteps-1\/\">Footsteps<\/a> \u00bb de Linda Gross Brown re\u00e7oit <b>le prix du m\u00e9rite<\/b> au concours annuel international en ligne de peintures et de dessins d\u2019<a href=\"http:\/\/http:\/\/www.internationalartsearch.com\/\/\">International Art Search<\/a>.<\/li>\n<li>8 octobre 2010 &#8211; \u00ab <a title=\"Footsteps #1\" href=\"http:\/\/www.lindagrossbrownstudio.com\/footsteps-1\/\">Footsteps #1<\/a> \u00bb de Linda Gross Brown re\u00e7oit la m\u00e9daille de bronze Anna Hyatt Huntington \u00e0 la 114e exposition-concours annuelle ouverte du <a href=\"http:\/\/www.clwac.org\/index.html\">Catharine Lorillard Wolfe Art Club<\/a> au <a href=\"http:\/\/www.nationalartsclub.org\/\">National Arts Club<\/a>, New York City.<\/li>\n<li>12 novembre &#8211; 1 d\u00e9cembre, 2009 &#8211; \u00ab <a title=\"Footsteps #3\" href=\"http:\/\/www.lindagrossbrownstudio.com\/footsteps-3\/\">Footsteps #3<\/a> \u00bb est s\u00e9lectionn\u00e9 pour la 96e exposition annuelle de l\u2019<a href=\"http:\/\/www.alliedartistsofamerica.org\/\">Allied Artists of America<\/a> au <a href=\"http:\/\/www.nationalartsclub.org\/\">National Arts Club<\/a> (M\u00e9daille d\u2019or)<\/li>\n<li>8 septembre &#8211; 27 septembre, 2009 &#8211; \u00ab Footsteps #1 \u00bb s\u00e9lectionn\u00e9 pour la 37e exposition-concours annuelle de la <a href=\"http:\/\/pastelsocietyofamerica.org\/main\/\">Pastel Society of America<\/a> au <a href=\"http:\/\/www.nationalartsclub.org\/\">National Arts Club<\/a> <b>(Prix \u00ab People&rsquo;s Choice \u00bb)<\/b><\/li>\n<li>2009 &#8211; 4e place attribu\u00e9e \u00e0 \u00ab Footsteps #1 \u00bb lors du deuxi\u00e8me concours en ligne de la <a href=\"http:\/\/uspapastelartists.org\/\">United Society of Pastel Artists (USPA)<\/a><\/li>\n<\/ul>\n<h2>Expositions:<\/h2>\n<ul>\n<li>8 octobre 2010 &#8211; \u00ab <a title=\"Footsteps #1\" href=\"http:\/\/www.lindagrossbrownstudio.com\/footsteps-1\/\">Footsteps #1<\/a> \u00bb de Linda Gross Brown re\u00e7oit la m\u00e9daille de bronze Anna Hyatt Huntington \u00e0 la 114e exposition-concours annuelle ouverte du <a href=\"http:\/\/www.clwac.org\/index.html\">Catharine Lorillard Wolfe Art Club<\/a> au <a href=\"http:\/\/www.nationalartsclub.org\/\">National Arts Club<\/a>, New York City.<\/li>\n<li>18 juin 2010 &#8211; Le num\u00e9ro sp\u00e9cial de juin 2010 du magazine d\u2019art fran\u00e7ais <a href=\"http:\/\/www.pratiquedesarts.com\/\">Pratique des Arts<\/a> mentionne Linda Gross Brown dans un dossier consacr\u00e9 aux pastellistes du monde entier. Ses \u0153uvres <a title=\"Footsteps #1\" href=\"http:\/\/www.lindagrossbrownstudio.com\/footsteps-1\/\">Footsteps #1<\/a> et <a title=\"Treehaven #1\" href=\"http:\/\/www.lindagrossbrownstudio.com\/treehaven-1\/\">Treehaven #1<\/a> y sont mentionn\u00e9es.<\/li>\n<li>7 mai &#8211; 13 juin 2010 &#8211; \u00ab <a title=\"Footsteps #1\" href=\"http:\/\/www.lindagrossbrownstudio.com\/footsteps-1\/\">Footsteps #1<\/a> \u00bb et \u00ab <a title=\"Treehaven #2\" href=\"http:\/\/www.lindagrossbrownstudio.com\/treehaven-2\/\">Treehaven #2<\/a> \u00bb sont s\u00e9lectionn\u00e9s pour l\u2019exposition 2010 du <a href=\"http:\/\/www.chicagopastelpainters.org\/events.html\" target=\"_blank\" rel=\"noopener noreferrer\">Chicago Pastel Painters<\/a> au <a href=\"http:\/\/www.chicagoculturalcenter.org\" target=\"_blank\" rel=\"noopener noreferrer\">Chicago Cultural Center<\/a>.<\/li>\n<li>2009 &#8211; \u00ab Footsteps #1 \u00bb est s\u00e9lectionn\u00e9 pour le deuxi\u00e8me concours en ligne de l\u2019<a href=\"http:\/\/uspapastelartists.org\/\">United Society of Pastel Artists (USPA)<\/a> (<b>4e place<\/b>, et fera partie d\u2019un prochain num\u00e9ro du magazine Coast)<\/li>\n<li>2008 &#8211; \u00ab Footsteps #1 \u00bb est s\u00e9lectionn\u00e9 pour l\u2019exposition en ligne de l\u2019<a href=\"http:\/\/www.pastelinternational.com\/\">International Association of Pastel Societies (IAPS)<\/a><\/li>\n<\/ul>\n<p>Les galeries suivantes sont fi\u00e8res de repr\u00e9senter le travail de Linda dans les \u00c9tats du centre et de la c\u00f4te Est. Si vous d\u00e9sirez ajouter l\u2019un des pastels pris\u00e9s de Linda Gross Brown \u00e0 votre collection personnelle ou professionnelle, veuillez les contacter. Elles auront le plaisir de r\u00e9pondre \u00e0 vos questions sur un tel investissement : exp\u00e9dition, certificats d\u2019authenticit\u00e9, assurance, etc.<\/p>\n<p>&nbsp;<\/p>\n<p>Teresa M. DeChant<br \/>\nDeChant Art Consulting, LLC<br \/>\n<a href=\"tel:216%20276%200087\">216-276-0087<\/a><br \/>\n<a href=\"http:\/\/linkedin.com\/in\/teresa-m-dechant-79231912\">LinkedIn<\/a><\/p>\n<p><img decoding=\"async\" loading=\"lazy\" class=\"alignnone size-full wp-image-1359\" src=\"http:\/\/www.lindagrossbrownstudio.com\/wp-content\/uploads\/2016\/10\/bonfoey.png\" alt=\"\" width=\"112\" height=\"115\" \/><\/p>\n<p><a href=\"http:\/\/www.bonfoey.com\/\">Bonfoey Gallery<\/a><br \/>\nCleveland, Ohio<br \/>\nt\u00e9l: 216.621.0178<br \/>\nemail: gallery arobase bonfoey.com<\/p>\n<p><img decoding=\"async\" loading=\"lazy\" class=\"alignnone size-full wp-image-1361\" src=\"http:\/\/www.lindagrossbrownstudio.com\/wp-content\/uploads\/2016\/10\/river2.png\" alt=\"\" width=\"232\" height=\"85\" \/><\/p>\n<p><a href=\"http:\/\/www.rivergalleryarts.com\/\">River Gallery<\/a><br \/>\nRocky River, Ohio<br \/>\nt\u00e9l: 440.331.8406<br \/>\nemail: rivergalleryarts arobase yahoo.com<\/p>\n<\/div>\n","protected":false},"excerpt":{"rendered":"<p>R\u00e9compenses: 1 juillet 2011 &#8211; \u00ab Footsteps #1 \u00bb de Linda Gross Brown a \u00e9t\u00e9 s\u00e9lectionn\u00e9 comme finaliste dans la cat\u00e9gorie Paysages\/int\u00e9rieur du 28e concours d\u2019art annuel de The Artist\u2019s Magazine. Il sera inclus dans le num\u00e9ro de d\u00e9cembre 2011. 16 d\u00e9cembre 2010 &#8211; \u00ab Footsteps \u00bb de Linda Gross Brown re\u00e7oit le prix du [&hellip;]<\/p>\n","protected":false},"author":2,"featured_media":210,"parent":0,"menu_order":0,"comment_status":"closed","ping_status":"closed","template":"","meta":[],"acf":[],"_links":{"self":[{"href":"https:\/\/www.lindagrossbrownstudio.com\/fr\/wp-json\/wp\/v2\/pages\/1148"}],"collection":[{"href":"https:\/\/www.lindagrossbrownstudio.com\/fr\/wp-json\/wp\/v2\/pages"}],"about":[{"href":"https:\/\/www.lindagrossbrownstudio.com\/fr\/wp-json\/wp\/v2\/types\/page"}],"author":[{"embeddable":true,"href":"https:\/\/www.lindagrossbrownstudio.com\/fr\/wp-json\/wp\/v2\/users\/2"}],"replies":[{"embeddable":true,"href":"https:\/\/www.lindagrossbrownstudio.com\/fr\/wp-json\/wp\/v2\/comments?post=1148"}],"version-history":[{"count":3,"href":"https:\/\/www.lindagrossbrownstudio.com\/fr\/wp-json\/wp\/v2\/pages\/1148\/revisions"}],"predecessor-version":[{"id":1728,"href":"https:\/\/www.lindagrossbrownstudio.com\/fr\/wp-json\/wp\/v2\/pages\/1148\/revisions\/1728"}],"wp:featuredmedia":[{"embeddable":true,"href":"https:\/\/www.lindagrossbrownstudio.com\/fr\/wp-json\/wp\/v2\/media\/210"}],"wp:attachment":[{"href":"https:\/\/www.lindagrossbrownstudio.com\/fr\/wp-json\/wp\/v2\/media?parent=1148"}],"curies":[{"name":"wp","href":"https:\/\/api.w.org\/{rel}","templated":true}]}}