{"id":1141,"date":"2017-03-16T01:15:23","date_gmt":"2017-03-16T01:15:23","guid":{"rendered":"http:\/\/www.lindagrossbrownstudio.com\/a-cold-walk-2\/"},"modified":"2018-01-01T21:37:20","modified_gmt":"2018-01-01T21:37:20","slug":"a-cold-walk","status":"publish","type":"page","link":"https:\/\/www.lindagrossbrownstudio.com\/fr\/a-cold-walk\/","title":{"rendered":"A Cold Walk"},"content":{"rendered":"<div class=\"btm-inner-text\">\n<h2>R\u00e9compenses:<\/h2>\n<ul>\n<li>5 f\u00e9vrier &#8211; 27 mars 2009 &#8211; \u00ab A Cold Walk \u00bb est s\u00e9lectionn\u00e9 pour la deuxi\u00e8me exposition-concours nationale biennale des <a href=\"http:\/\/www.chicagopastelpainters.org\/\">Chicago Pastel Painters<\/a> au <a href=\"http:\/\/www.oakton.edu\/museum\/\">Koehnline Museum of Art<\/a> <b>(Prix de la Southeastern Pastel Society) <\/b><\/li>\n<\/ul>\n<h2>Expositions:<\/h2>\n<ul>\n<li>2 ao\u00fbt &#8211; 20 ao\u00fbt 2016 &#8211; \u00ab A Cold Walk \u00bb et \u00ab Treehaven #1 \u00bb sont s\u00e9lectionn\u00e9s pour l\u2019exposition-concours nationale 2016 de la <a href=\"http:\/\/www.bowerygallery.org\/\" target=\"_blank\" rel=\"noopener noreferrer\">Bowery Gallery<\/a> \u00e0 New York.<\/li>\n<li>mai 2010 &#8211; \u00ab Footsteps #4 \u00bb, \u00ab A Cold Walk \u00bb et \u00ab Snowtracks #2 \u00bb sont requis pour l\u2019exposition d\u2019art organis\u00e9e en mai 2010 \u00e0 l\u2019<a href=\"http:\/\/www.andrewsvalleyarts.com\/the-museum.asp\" target=\"_blank\" rel=\"noopener noreferrer\">Andrews Art Museum<\/a>.<\/li>\n<li>20 janvier &#8211; 15 mars 2010 &#8211; \u00ab A Cold Walk \u00bb et \u00ab Cotswalds #1 \u00bb sont s\u00e9lectionn\u00e9s pour l\u2019exposition-concours de pastels 2010 de <a href=\"http:\/\/www.richeson75.com\" target=\"_blank\" rel=\"noopener noreferrer\">Richeson 75<\/a> au <a href=\"http:\/\/www.richeson75.com\" target=\"_blank\" rel=\"noopener noreferrer\">Richeson School of Art<\/a>.<\/li>\n<li>16 janvier &#8211; 28 f\u00e9vrier 2009 &#8211; \u00ab A Cold Walk \u00bb, \u00ab Treehaven #1, \u00bb et \u00ab Treehaven #2 \u00bb sont s\u00e9lectionn\u00e9s pour le concours de pastels <a href=\"http:\/\/www.richeson75.com\/pastel\/index.html\">Richeson 75<\/a> 2009 au <a href=\"http:\/\/www.richeson75.com\">Richeson School of Art<\/a> (<b>Prix \u00ab People\u2019s choice \u00bb<\/b> pour les natures mortes attribu\u00e9 \u00e0 \u00ab \u00ab\u00a0Treehaven #1\u00a0\u00bb \u00bb)<\/li>\n<li>8 juin &#8211; 30 ao\u00fbt, 2008 \u00ab A Cold Walk \u00bb est s\u00e9lectionn\u00e9 pour la 11e exposition-concours de l\u2019<a href=\"http:\/\/www.pastelinternational.com\/\">International Association of Pastel Societies (IAPS)<\/a> au <a href=\"http:\/\/www.butlerart.com\/\">The Butler Institute of American Art<\/a>.<\/li>\n<\/ul>\n<p>Les galeries suivantes sont fi\u00e8res de repr\u00e9senter le travail de Linda dans les \u00c9tats du centre et de la c\u00f4te Est. Si vous d\u00e9sirez ajouter l\u2019un des pastels pris\u00e9s de Linda Gross Brown \u00e0 votre collection personnelle ou professionnelle, veuillez les contacter. Elles auront le plaisir de r\u00e9pondre \u00e0 vos questions sur un tel investissement : exp\u00e9dition, certificats d\u2019authenticit\u00e9, assurance, etc.<\/p>\n<p>&nbsp;<\/p>\n<p>Teresa M. DeChant<br \/>\nDeChant Art Consulting, LLC<br \/>\n<a href=\"tel:216%20276%200087\">216-276-0087<\/a><br \/>\n<a href=\"http:\/\/linkedin.com\/in\/teresa-m-dechant-79231912\">LinkedIn<\/a><\/p>\n<p><img decoding=\"async\" loading=\"lazy\" class=\"alignnone size-full wp-image-1359\" src=\"http:\/\/www.lindagrossbrownstudio.com\/wp-content\/uploads\/2016\/10\/bonfoey.png\" alt=\"\" width=\"112\" height=\"115\" \/><\/p>\n<p><a href=\"http:\/\/www.bonfoey.com\/\">Bonfoey Gallery<\/a><br \/>\nCleveland, Ohio<br \/>\nt\u00e9l: 216.621.0178<br \/>\nemail: gallery arobase bonfoey.com<\/p>\n<p><img decoding=\"async\" loading=\"lazy\" class=\"alignnone size-full wp-image-1361\" src=\"http:\/\/www.lindagrossbrownstudio.com\/wp-content\/uploads\/2016\/10\/river2.png\" alt=\"\" width=\"232\" height=\"85\" \/><\/p>\n<p><a href=\"http:\/\/www.rivergalleryarts.com\/\">River Gallery<\/a><br \/>\nRocky River, Ohio<br \/>\nt\u00e9l: 440.331.8406<br \/>\nemail: rivergalleryarts arobase yahoo.com<\/p>\n<\/div>\n","protected":false},"excerpt":{"rendered":"<p>R\u00e9compenses: 5 f\u00e9vrier &#8211; 27 mars 2009 &#8211; \u00ab A Cold Walk \u00bb est s\u00e9lectionn\u00e9 pour la deuxi\u00e8me exposition-concours nationale biennale des Chicago Pastel Painters au Koehnline Museum of Art (Prix de la Southeastern Pastel Society) Expositions: 2 ao\u00fbt &#8211; 20 ao\u00fbt 2016 &#8211; \u00ab A Cold Walk \u00bb et \u00ab Treehaven #1 \u00bb sont [&hellip;]<\/p>\n","protected":false},"author":2,"featured_media":161,"parent":0,"menu_order":0,"comment_status":"closed","ping_status":"closed","template":"","meta":[],"acf":[],"_links":{"self":[{"href":"https:\/\/www.lindagrossbrownstudio.com\/fr\/wp-json\/wp\/v2\/pages\/1141"}],"collection":[{"href":"https:\/\/www.lindagrossbrownstudio.com\/fr\/wp-json\/wp\/v2\/pages"}],"about":[{"href":"https:\/\/www.lindagrossbrownstudio.com\/fr\/wp-json\/wp\/v2\/types\/page"}],"author":[{"embeddable":true,"href":"https:\/\/www.lindagrossbrownstudio.com\/fr\/wp-json\/wp\/v2\/users\/2"}],"replies":[{"embeddable":true,"href":"https:\/\/www.lindagrossbrownstudio.com\/fr\/wp-json\/wp\/v2\/comments?post=1141"}],"version-history":[{"count":4,"href":"https:\/\/www.lindagrossbrownstudio.com\/fr\/wp-json\/wp\/v2\/pages\/1141\/revisions"}],"predecessor-version":[{"id":1720,"href":"https:\/\/www.lindagrossbrownstudio.com\/fr\/wp-json\/wp\/v2\/pages\/1141\/revisions\/1720"}],"wp:featuredmedia":[{"embeddable":true,"href":"https:\/\/www.lindagrossbrownstudio.com\/fr\/wp-json\/wp\/v2\/media\/161"}],"wp:attachment":[{"href":"https:\/\/www.lindagrossbrownstudio.com\/fr\/wp-json\/wp\/v2\/media?parent=1141"}],"curies":[{"name":"wp","href":"https:\/\/api.w.org\/{rel}","templated":true}]}}