{"id":1384,"date":"2016-10-07T17:37:03","date_gmt":"2016-10-07T17:37:03","guid":{"rendered":"http:\/\/www.lindagrossbrownstudio.com\/publications-2\/"},"modified":"2017-06-22T00:25:19","modified_gmt":"2017-06-22T00:25:19","slug":"publications","status":"publish","type":"page","link":"http:\/\/www.lindagrossbrownstudio.com\/fr\/publications\/","title":{"rendered":"Publications"},"content":{"rendered":"<h2>The Artist&rsquo;s Magazine<\/h2>\n<p>\u00ab Footsteps #15 \u00bb de Linda Gross Brown a \u00e9t\u00e9 s\u00e9lectionn\u00e9 comme finaliste dans le 31e concours d&rsquo;art annuel du \u00ab The Artist&rsquo;s Magazine \u00bb et publi\u00e9 dans le num\u00e9ro d\u00e9cembre 2014.<\/p>\n<p>Quelques mois plus tard, \u00ab Footsteps #12 \u00bb a \u00e9t\u00e9 publi\u00e9 dans le num\u00e9ro juillet\/ao\u00fbt 2015 du magazine apr\u00e8s avoir gagn\u00e9 la cat\u00e9gorie Pastel du concours \u00ab All Media. \u00bb<br \/>\n&nbsp;<\/p>\n<h2>Retour \u00e0 \u00ab Pratique des Arts \u00bb<\/h2>\n<p>Le travail de Linda a \u00e9t\u00e9 une nouvelle fois pr\u00e9sent\u00e9 dans \u00ab Pratique des Arts, \u00bb cette fois dans un num\u00e9ro hiver 2015 qui examine l&rsquo;art des paysages enneig\u00e9s.<br \/>\n&nbsp;<\/p>\n<h2>Excite with White<\/h2>\n<p>Linda et son travail ont \u00e9t\u00e9 pr\u00e9sent\u00e9 dans un article titr\u00e9 \u00ab Excite with White \u00bb qui explore la couleur dans les peintures avec des sujets blancs, dans le num\u00e9ro f\u00e9vrier 2014 de \u00ab Pastel Journal. \u00bb<br \/>\n&nbsp;<\/p>\n<h2>Une collection internationale<\/h2>\n<p>Suite au r\u00e9sultat \u00e9difiant obtenu par Linda dans un concours d\u2019un niveau extr\u00eamement relev\u00e9 (elle faisait partie des 8 premiers artistes \u00e0 recevoir un prix), son tableau \u00ab Footsteps \u00bb a \u00e9t\u00e9 publi\u00e9 dans l\u2019ouvrage reli\u00e9 qui mettra \u00e0 l\u2019honneur les gagnants et les 50 meilleurs finalistes de l\u2019International Art Search 2011 Paintings &#038; Drawings International Exhibit.<br \/>\n&nbsp;<\/p>\n<h2>WhosWho in American Art<\/h2>\n<div id=\"attachment_1353\" style=\"width: 300px\" class=\"wp-caption alignnone\"><img aria-describedby=\"caption-attachment-1353\" decoding=\"async\" loading=\"lazy\" class=\"wp-image-1353\" src=\"http:\/\/www.lindagrossbrownstudio.com\/wp-content\/uploads\/2016\/10\/marquis-300x230-300x230.jpg\" alt=\"Marquis Who's Who in American Art\" width=\"290\" height=\"222\" \/><p id=\"caption-attachment-1353\" class=\"wp-caption-text\"><em>La 31e \u00e9dition du \u00ab Who&rsquo;s Who in American Art 2011 \u00bb est sortie en novembre 2010.<\/em><\/p><\/div>\n<p>Linda est \u00e0 nouveau \u00e0 l\u2019honneur ; elle faisait partie du \u00ab Who&rsquo;s Who in American Art \u00bb de Marquis, une publication contenant les biographies d\u2019artistes notables, avec une description des \u0153uvres command\u00e9es et des expositions auxquelles elle participe, des mus\u00e9es montrant ses \u0153uvres, des prix qu\u2019elle a remport\u00e9s, des ouvrages et articles qu\u2019elle a sign\u00e9s et qui la mentionnent, des supports qu\u2019elle emploie ainsi que des anecdotes personnelles et professionnelles.<br \/>\n&nbsp;<\/p>\n<h2>L\u2019Europe commence \u00e0 exprimer son int\u00e9r\u00eat<\/h2>\n<div id=\"attachment_1354\" style=\"width: 310px\" class=\"wp-caption alignnone\"><img aria-describedby=\"caption-attachment-1354\" decoding=\"async\" loading=\"lazy\" class=\"wp-image-1354 size-medium\" src=\"http:\/\/www.lindagrossbrownstudio.com\/wp-content\/uploads\/2016\/10\/practique-300x230.jpg\" alt=\"Pratique des Arts\" width=\"300\" height=\"230\" srcset=\"http:\/\/www.lindagrossbrownstudio.com\/wp-content\/uploads\/2016\/10\/practique-300x230.jpg 300w, http:\/\/www.lindagrossbrownstudio.com\/wp-content\/uploads\/2016\/10\/practique.jpg 427w\" sizes=\"(max-width: 300px) 100vw, 300px\" \/><p id=\"caption-attachment-1354\" class=\"wp-caption-text\"><em>Treehaven #1 and Footsteps #1 ont \u00e9t\u00e9 mis en vedette dans le num\u00e9ro de juin 2010 du magazine d\u2019art Pratique des Arts.<\/em><\/p><\/div>\n<p>Il n\u2019est pas surprenant que les \u0153uvres de Linda Gross Brown aient commenc\u00e9 \u00e0 attirer l\u2019attention des collectionneurs en Am\u00e9rique latine et en Europe. <a href=\"http:\/\/www.pratiquedesarts.com\/\">\u00a0Pratique des Arts<\/a>, un magazine d\u2019art fran\u00e7ais, a r\u00e9cemment demand\u00e9 la contribution de Linda. Elle a fait l\u2019objet d\u2019un article dans le num\u00e9ro de juin 2010 de ce magazine, qui a publi\u00e9 des reproductions de deux de ses \u0153uvres prim\u00e9es, \u00ab<br \/>\n<a href=\"http:\/\/www.lindagrossbrownstudio.com\/footsteps-1\/\">Footsteps #1<\/a>\u00a0\u00bb et \u00ab <a href=\"http:\/\/www.lindagrossbrownstudio.com\/treehaven-1\/\">Treehaven #1<\/a>\u00a0\u00bb. Ce num\u00e9ro sp\u00e9cial mettait en vedette des pastellistes du monde entier. Laurent Benoist, collaborateur au magazine \u00ab Pratique des Arts \u00bb, l\u2019a d\u00e9crit comme l\u2019\u00e9quivalent de The Artist Magazine [en Europe].<br \/>\n&nbsp;<\/p>\n<h2>Le monde de l\u2019art est impressionn\u00e9<\/h2>\n<p>\u00ab Le coup de foudre \u00bb. C\u2019est ainsi que Linda d\u00e9crit sa premi\u00e8re exp\u00e9rience avec les pastels. \u00ab Je pouvais me passer de pinceaux et peindre avec les doigts, \u00bb explique-t-elle. \u00ab J\u2019avais l\u2019impression d\u2019entrer dans l\u2019univers de mon \u0153uvre, ce que j\u2019ai trouv\u00e9 \u00e0 la fois lib\u00e9rateur et fascinant. La capacit\u00e9 de peindre avec les doigts a fait de mon travail une exp\u00e9rience agr\u00e9able et personnelle. \u00bb <i>&#8211; Extrait du dossier consacr\u00e9 \u00e0 Linda Gross Brown dans le num\u00e9ro de d\u00e9cembre 2009 du magazine \u00ab American Artist \u00bb <\/i> <\/p>\n<p>Tout comme les fervents admirateurs de Linda, James A. Metcalfe, collaborateur \u00e0 <a href=\"http:\/\/www.artistdaily.com\/blogs\/aamag\/archive\/2009\/10\/27\/american-artist-december-2009.aspx\" target=\"_blank\">American Artist Magazine<\/a>, se posait de nombreuses questions sur son processus magistral et ses \u0153uvres. Son article contient des r\u00e9ponses qui nous comblent. Le mariage parfait entre les judicieuses questions de James et les r\u00e9ponses d\u00e9taill\u00e9es et hautes en couleurs de Linda donne un article aussi fascinant qu\u2019\u00e9difiant.<\/p>\n<div id=\"attachment_1355\" style=\"width: 310px\" class=\"wp-caption alignnone\"><img aria-describedby=\"caption-attachment-1355\" decoding=\"async\" loading=\"lazy\" class=\"wp-image-1355 size-medium\" src=\"http:\/\/www.lindagrossbrownstudio.com\/wp-content\/uploads\/2016\/10\/pastel_journal2010-300x230.jpg\" alt=\"Pastel Journal\" width=\"300\" height=\"230\" srcset=\"http:\/\/www.lindagrossbrownstudio.com\/wp-content\/uploads\/2016\/10\/pastel_journal2010-300x230.jpg 300w, http:\/\/www.lindagrossbrownstudio.com\/wp-content\/uploads\/2016\/10\/pastel_journal2010.jpg 427w\" sizes=\"(max-width: 300px) 100vw, 300px\" \/><p id=\"caption-attachment-1355\" class=\"wp-caption-text\"><em>Footsteps #3 a re\u00e7u la mention honorable dans le concours \u00ab Pastel 100 \u00bb du Pastel Journal&rsquo;s mais il a \u00e9galement \u00e9t\u00e9 reproduit dans le num\u00e9ro d\u2019avril 2010 du magazine. <\/em><\/p><\/div>\n<p>En avril, \u00ab <a href=\"http:\/\/www.lindagrossbrownstudio.com\/footsteps-3\/\">Footsteps #3<\/a>\u00a0\u00bb a \u00e9t\u00e9 s\u00e9lectionn\u00e9 pour le concours annuel \u00ab Pastel 100 \u00bb parainn\u00e9 par le magazine <a href=\"http:\/\/www.artistsnetwork.com\/pastel-journal\">Pastel Journal<\/a>. Il a non seulement re\u00e7u la mention honorable, mais il a \u00e9galement \u00e9t\u00e9 reproduit dans le num\u00e9ro d\u2019avril 2010 du magazine.<br \/>\n&nbsp;<\/p>\n<h2>Le meilleur de l\u2019Am\u00e9rique et du monde<\/h2>\n<p>Tout r\u00e9cemment, Linda a eu l\u2019honneur de voir son tableau \u00ab <a href=\"http:\/\/www.lindagrossbrownstudio.com\/a-cold-walk\/\">A Cold Walk<\/a>  \u00bb s\u00e9lectionn\u00e9 pour orner la couverture arri\u00e8re d\u2019un prestigieux recueil pr\u00e9sentant des \u0153uvres d\u2019artistes du monde entier (<u>BEST OF WORLDWIDE ARTISTS working in Charcoal, Pastel &#038; Pencil, Vol. 1<\/u>). \u00abA Cold Walk \u00bb a re\u00e7u de nombreux prix, et il est maintenant reconnu partout. <\/p>\n<p>Trois des tableaux les plus aim\u00e9s et prim\u00e9s de Linda Gross Brown, \u00ab <a href=\"http:\/\/www.lindagrossbrownstudio.com\/delivering-the-mail\/\">Delivering the Mail<\/a>, \u00bb \u00ab\u00a0<a href=\"http:\/\/www.lindagrossbrownstudio.com\/treehaven-2\/\">Treehaven #2<\/a> \u00bb et \u00ab <a href=\"http:\/\/www.lindagrossbrownstudio.com\/snowtracks-1\/\">Snowtracks #1<\/a> \u00bb ont \u00e9t\u00e9 s\u00e9lectionn\u00e9s pour un recueil d\u2019\u0153uvres d\u2019art intitul\u00e9 Best of America Pastel Artists, Volume 2, publi\u00e9 par Kennedy Publishing &#038; The Best of Artists &#038; Artisans.<\/p>\n<img decoding=\"async\" loading=\"lazy\" class=\"wp-image-1356 size-medium\" src=\"http:\/\/www.lindagrossbrownstudio.com\/wp-content\/uploads\/2016\/10\/bestofworldwide2010-300x230.jpg\" alt=\"Best of Worldwide Artists, Vol. 1\" width=\"300\" height=\"230\" srcset=\"http:\/\/www.lindagrossbrownstudio.com\/wp-content\/uploads\/2016\/10\/bestofworldwide2010-300x230.jpg 300w, http:\/\/www.lindagrossbrownstudio.com\/wp-content\/uploads\/2016\/10\/bestofworldwide2010.jpg 427w\" sizes=\"(max-width: 300px) 100vw, 300px\" \/>\n<div id=\"attachment_1357\" style=\"width: 310px\" class=\"wp-caption alignnone\"><img aria-describedby=\"caption-attachment-1357\" decoding=\"async\" loading=\"lazy\" class=\"wp-image-1357 size-medium\" src=\"http:\/\/www.lindagrossbrownstudio.com\/wp-content\/uploads\/2016\/10\/bestofamerica-300x230-300x230.jpg\" alt=\"Best of America Pastels, Vol. 2\" width=\"300\" height=\"230\" \/><p id=\"caption-attachment-1357\" class=\"wp-caption-text\"><em>Trois des \u0153uvres de Linda ont \u00e9t\u00e9 choisies pour \u00ab <u>Best of America Pastels, Volume 2.<\/u> \u00bb<\/em><\/p><\/div>\n<p>&nbsp;<\/p>\n<p>Pour conna\u00eetre les derni\u00e8res publications sur Linda, voir la page \u00a0<a href=\"http:\/\/www.lindagrossbrownstudio.com\/newsroom\/\">Actualit\u00e9s.<\/a><\/p>\n","protected":false},"excerpt":{"rendered":"<p>The Artist&rsquo;s Magazine \u00ab Footsteps #15 \u00bb de Linda Gross Brown a \u00e9t\u00e9 s\u00e9lectionn\u00e9 comme finaliste dans le 31e concours d&rsquo;art annuel du \u00ab The Artist&rsquo;s Magazine \u00bb et publi\u00e9 dans le num\u00e9ro d\u00e9cembre 2014. Quelques mois plus tard, \u00ab Footsteps #12 \u00bb a \u00e9t\u00e9 publi\u00e9 dans le num\u00e9ro juillet\/ao\u00fbt 2015 du magazine apr\u00e8s avoir [&hellip;]<\/p>\n","protected":false},"author":1,"featured_media":0,"parent":0,"menu_order":0,"comment_status":"closed","ping_status":"closed","template":"","meta":[],"acf":[],"_links":{"self":[{"href":"http:\/\/www.lindagrossbrownstudio.com\/fr\/wp-json\/wp\/v2\/pages\/1384"}],"collection":[{"href":"http:\/\/www.lindagrossbrownstudio.com\/fr\/wp-json\/wp\/v2\/pages"}],"about":[{"href":"http:\/\/www.lindagrossbrownstudio.com\/fr\/wp-json\/wp\/v2\/types\/page"}],"author":[{"embeddable":true,"href":"http:\/\/www.lindagrossbrownstudio.com\/fr\/wp-json\/wp\/v2\/users\/1"}],"replies":[{"embeddable":true,"href":"http:\/\/www.lindagrossbrownstudio.com\/fr\/wp-json\/wp\/v2\/comments?post=1384"}],"version-history":[{"count":3,"href":"http:\/\/www.lindagrossbrownstudio.com\/fr\/wp-json\/wp\/v2\/pages\/1384\/revisions"}],"predecessor-version":[{"id":1470,"href":"http:\/\/www.lindagrossbrownstudio.com\/fr\/wp-json\/wp\/v2\/pages\/1384\/revisions\/1470"}],"wp:attachment":[{"href":"http:\/\/www.lindagrossbrownstudio.com\/fr\/wp-json\/wp\/v2\/media?parent=1384"}],"curies":[{"name":"wp","href":"https:\/\/api.w.org\/{rel}","templated":true}]}}