{"id":1186,"date":"2017-03-17T02:29:04","date_gmt":"2017-03-17T02:29:04","guid":{"rendered":"http:\/\/www.lindagrossbrownstudio.com\/treehaven-3-2\/"},"modified":"2018-01-01T21:48:40","modified_gmt":"2018-01-01T21:48:40","slug":"treehaven-3","status":"publish","type":"page","link":"http:\/\/www.lindagrossbrownstudio.com\/fr\/treehaven-3\/","title":{"rendered":"Treehaven #3"},"content":{"rendered":"<div class=\"btm-inner-text\">\n<h2>EXPOSITIONS:<\/h2>\n<ul>\n<li>20 mai &#8211; 27 juin 2010 &#8211; \u00ab <a title=\"Treehaven #3\" href=\"http:\/\/www.lindagrossbrownstudio.com\/treehaven-3\/\">Treehaven #3<\/a> \u00bb est s\u00e9lectionn\u00e9 pour la 14e exposition-concours de la <a href=\"http:\/\/www.southeasternpastel.org\/\" target=\"_blank\" rel=\"noopener noreferrer\">Southeastern Pastel Society<\/a> \u00e0 l\u2019<a href=\"http:\/\/museum.oglethorpe.edu\/\" target=\"_blank\" rel=\"noopener noreferrer\">Oglethorpe University Museum<\/a>.<\/li>\n<\/ul>\n<p>Les galeries suivantes sont fi\u00e8res de repr\u00e9senter le travail de Linda dans les \u00c9tats du centre et de la c\u00f4te Est. Si vous d\u00e9sirez ajouter l\u2019un des pastels pris\u00e9s de Linda Gross Brown \u00e0 votre collection personnelle ou professionnelle, veuillez les contacter. Elles auront le plaisir de r\u00e9pondre \u00e0 vos questions sur un tel investissement : exp\u00e9dition, certificats d\u2019authenticit\u00e9, assurance, etc.<\/p>\n<p>&nbsp;<\/p>\n<p>Teresa M. DeChant<br \/>\nDeChant Art Consulting, LLC<br \/>\n<a href=\"tel:216%20276%200087\">216-276-0087<\/a><br \/>\n<a href=\"http:\/\/linkedin.com\/in\/teresa-m-dechant-79231912\">LinkedIn<\/a><\/p>\n<p><img decoding=\"async\" loading=\"lazy\" class=\"alignnone size-full wp-image-1359\" src=\"http:\/\/www.lindagrossbrownstudio.com\/wp-content\/uploads\/2016\/10\/bonfoey.png\" alt=\"\" width=\"112\" height=\"115\" \/><\/p>\n<p><a href=\"http:\/\/www.bonfoey.com\/\">Bonfoey Gallery<\/a><br \/>\nCleveland, Ohio<br \/>\nt\u00e9l: 216.621.0178<br \/>\nemail: gallery arobase bonfoey.com<\/p>\n<p><img decoding=\"async\" loading=\"lazy\" class=\"alignnone size-full wp-image-1361\" src=\"http:\/\/www.lindagrossbrownstudio.com\/wp-content\/uploads\/2016\/10\/river2.png\" alt=\"\" width=\"232\" height=\"85\" \/><\/p>\n<p><a href=\"http:\/\/www.rivergalleryarts.com\/\">River Gallery<\/a><br \/>\nRocky River, Ohio<br \/>\nt\u00e9l: 440.331.8406<br \/>\nemail: rivergalleryarts arobase yahoo.com<\/p>\n<\/div>\n","protected":false},"excerpt":{"rendered":"<p>EXPOSITIONS: 20 mai &#8211; 27 juin 2010 &#8211; \u00ab Treehaven #3 \u00bb est s\u00e9lectionn\u00e9 pour la 14e exposition-concours de la Southeastern Pastel Society \u00e0 l\u2019Oglethorpe University Museum. Les galeries suivantes sont fi\u00e8res de repr\u00e9senter le travail de Linda dans les \u00c9tats du centre et de la c\u00f4te Est. Si vous d\u00e9sirez ajouter l\u2019un des pastels [&hellip;]<\/p>\n","protected":false},"author":2,"featured_media":250,"parent":0,"menu_order":0,"comment_status":"closed","ping_status":"closed","template":"","meta":[],"acf":[],"_links":{"self":[{"href":"http:\/\/www.lindagrossbrownstudio.com\/fr\/wp-json\/wp\/v2\/pages\/1186"}],"collection":[{"href":"http:\/\/www.lindagrossbrownstudio.com\/fr\/wp-json\/wp\/v2\/pages"}],"about":[{"href":"http:\/\/www.lindagrossbrownstudio.com\/fr\/wp-json\/wp\/v2\/types\/page"}],"author":[{"embeddable":true,"href":"http:\/\/www.lindagrossbrownstudio.com\/fr\/wp-json\/wp\/v2\/users\/2"}],"replies":[{"embeddable":true,"href":"http:\/\/www.lindagrossbrownstudio.com\/fr\/wp-json\/wp\/v2\/comments?post=1186"}],"version-history":[{"count":3,"href":"http:\/\/www.lindagrossbrownstudio.com\/fr\/wp-json\/wp\/v2\/pages\/1186\/revisions"}],"predecessor-version":[{"id":1759,"href":"http:\/\/www.lindagrossbrownstudio.com\/fr\/wp-json\/wp\/v2\/pages\/1186\/revisions\/1759"}],"wp:featuredmedia":[{"embeddable":true,"href":"http:\/\/www.lindagrossbrownstudio.com\/fr\/wp-json\/wp\/v2\/media\/250"}],"wp:attachment":[{"href":"http:\/\/www.lindagrossbrownstudio.com\/fr\/wp-json\/wp\/v2\/media?parent=1186"}],"curies":[{"name":"wp","href":"https:\/\/api.w.org\/{rel}","templated":true}]}}