{"id":1171,"date":"2017-03-17T02:22:24","date_gmt":"2017-03-17T02:22:24","guid":{"rendered":"http:\/\/www.lindagrossbrownstudio.com\/honfleur-3-2\/"},"modified":"2017-04-29T22:55:04","modified_gmt":"2017-04-29T22:55:04","slug":"honfleur-3","status":"publish","type":"page","link":"http:\/\/www.lindagrossbrownstudio.com\/fr\/honfleur-3\/","title":{"rendered":"Honfleur #3"},"content":{"rendered":"<div class=\"btm-inner-text\">\n<h2>Expositions:<\/h2>\n<ul>\n<li>13 novembre 2013 \u2013 \u00ab Honfleur #3 \u00bb est s\u00e9lectionn\u00e9 pour la exposition d\u2019\u00e9t\u00e9 Pastel en P\u00e9rigord \u00e0 Saint-Aulaye en Dordogne, France. (26 juillet \u2013 24 ao\u00fbt 2014)<\/li>\n<li>9 mai 2012 &#8211; \u00ab <a title=\"Honfleur #3\" href=\"http:\/\/www.lindagrossbrownstudio.com\/honfleur-3\/\">Honfleur #3<\/a> \u00bb et \u00ab <a title=\"Thru the Door\" href=\"http:\/\/www.lindagrossbrownstudio.com\/thru-the-door\/\">Through the Door<\/a> \u00bb de Linda Gross Brown ont \u00e9t\u00e9 accept\u00e9s pour l\u2019American Artists Abroad au Bennington Center for the Arts \u00e0 Bennington, dans le Vermont.<\/li>\n<\/ul>\n<\/div>\n<p>&nbsp;<\/p>\n","protected":false},"excerpt":{"rendered":"<p>Expositions: 13 novembre 2013 \u2013 \u00ab Honfleur #3 \u00bb est s\u00e9lectionn\u00e9 pour la exposition d\u2019\u00e9t\u00e9 Pastel en P\u00e9rigord \u00e0 Saint-Aulaye en Dordogne, France. (26 juillet \u2013 24 ao\u00fbt 2014) 9 mai 2012 &#8211; \u00ab Honfleur #3 \u00bb et \u00ab Through the Door \u00bb de Linda Gross Brown ont \u00e9t\u00e9 accept\u00e9s pour l\u2019American Artists Abroad au [&hellip;]<\/p>\n","protected":false},"author":2,"featured_media":235,"parent":0,"menu_order":0,"comment_status":"closed","ping_status":"closed","template":"","meta":[],"acf":[],"_links":{"self":[{"href":"http:\/\/www.lindagrossbrownstudio.com\/fr\/wp-json\/wp\/v2\/pages\/1171"}],"collection":[{"href":"http:\/\/www.lindagrossbrownstudio.com\/fr\/wp-json\/wp\/v2\/pages"}],"about":[{"href":"http:\/\/www.lindagrossbrownstudio.com\/fr\/wp-json\/wp\/v2\/types\/page"}],"author":[{"embeddable":true,"href":"http:\/\/www.lindagrossbrownstudio.com\/fr\/wp-json\/wp\/v2\/users\/2"}],"replies":[{"embeddable":true,"href":"http:\/\/www.lindagrossbrownstudio.com\/fr\/wp-json\/wp\/v2\/comments?post=1171"}],"version-history":[{"count":2,"href":"http:\/\/www.lindagrossbrownstudio.com\/fr\/wp-json\/wp\/v2\/pages\/1171\/revisions"}],"predecessor-version":[{"id":1261,"href":"http:\/\/www.lindagrossbrownstudio.com\/fr\/wp-json\/wp\/v2\/pages\/1171\/revisions\/1261"}],"wp:featuredmedia":[{"embeddable":true,"href":"http:\/\/www.lindagrossbrownstudio.com\/fr\/wp-json\/wp\/v2\/media\/235"}],"wp:attachment":[{"href":"http:\/\/www.lindagrossbrownstudio.com\/fr\/wp-json\/wp\/v2\/media?parent=1171"}],"curies":[{"name":"wp","href":"https:\/\/api.w.org\/{rel}","templated":true}]}}