{"id":1154,"date":"2017-03-16T01:37:48","date_gmt":"2017-03-16T01:37:48","guid":{"rendered":"http:\/\/www.lindagrossbrownstudio.com\/footsteps-15-2\/"},"modified":"2025-01-25T11:55:01","modified_gmt":"2025-01-25T11:55:01","slug":"footsteps-15","status":"publish","type":"page","link":"http:\/\/www.lindagrossbrownstudio.com\/fr\/footsteps-15\/","title":{"rendered":"Footsteps #15"},"content":{"rendered":"<div class=\"btm-inner-text\">\n<h2>R\u00e9compenses:<\/h2>\n<ul>\n<li>\u00ab Footsteps #15 \u00bb a remport\u00e9 le premier prix \u00e0 l&rsquo;exposition Winters Palette 2025 du Salmagundi Club. (7 janvier 2025 &#8211; 24 janvier 2025)<\/li>\n<li>\u00ab Footsteps #15 \u00bb de Linda Gross Brown a re\u00e7u le premier prix de la exposition en ligne des membres de The American Artists Professional League 2021. (mars 2021)<\/li>\n<li>\u00ab\u00a0Footsteps #15\u00a0\u00bb a \u00e9t\u00e9 s\u00e9lectionn\u00e9 comme finaliste du 35e concours d\u2019art annuel de The Artist\u2019s Magazine. (juillet 2018)<\/li>\n<li>\u00ab Footsteps #15 \u00bb de Linda Gross Brown a re\u00e7u la deuxi\u00e8me place lors de la exposition d\u2019art nationale de la Pastel Society of New Hampshire au Discover Portsmouth Center \u00e0 Porthsmouth, dans l\u2019\u00c9tat de New Hampshire. (24 octobre \u2013 27 novembre 2015)<\/li>\n<li>\u00ab Footsteps #15 \u00bb de Linda Gross Brown a \u00e9t\u00e9 s\u00e9lectionn\u00e9 comme finaliste du 31e concours d\u2019art annuel de The Artist\u2019s Magazine. Il sera inclus dans le num\u00e9ro de d\u00e9cembre 2014. (juillet 2014.)<\/li>\n<li>\u00ab Footsteps #12 \u00bb, \u00ab Footsteps #13 \u00bb et \u00ab Footsteps #15 \u00bb de Linda Gross Brown ont re\u00e7u le prix Meritorious lors de l\u2019exposition Richeson Landscape 2014. (avril 2014.)<\/li>\n<\/ul>\n<h2>Expositions:<\/h2>\n<ul>\n<li>23 d\u00e9cembre 2024 \u2013 \u00ab Footsteps #15 \u00bb a \u00e9t\u00e9 accept\u00e9 dans l\u2019exposition \u00ab Winter\u2019s Palette \u00bb de Salmagundi 2024. (7 janvier \u2013 24 janvier 2025)<\/li>\n<li>15 mars 2021 &#8211; \u00ab Footsteps #15 \u00bb a \u00e9t\u00e9 accept\u00e9e \u00e0 l&rsquo;exposition en ligne des membres de The American Artists Professional League 2021.<\/li>\n<li>\u00ab Footsteps #15 \u00bb a \u00e9t\u00e9 accept\u00e9e \u00e0 l&rsquo;exposition nationale annuelle jur\u00e9 du Academy Center for the Arts (5 &#8211; 27 avril 2019).<\/li>\n<li>\u00ab Footsteps #15 \u00bb de Linda Gross Brown est s\u00e9lectionn\u00e9 pour l&rsquo;exposition-concours nationale de la Great Lakes Pastel Society \u00e0 Grand Rapids, dans l\u2019\u00c9tat de Michigan. (19 mai -16 juillet 2016)<\/li>\n<li>\u00ab Footsteps #15 \u00bb et \u00ab Tracks in the Sand \u00bb de Linda Gross Brown sont s\u00e9lectionn\u00e9s pour l&rsquo;exposition d\u2019art nationale de la Pastel Society of New Hampshire au Discover Portsmouth Center \u00e0 Porthsmouth, dans l\u2019\u00c9tat de New Hampshire. (24 octobre \u2013 27 novembre 2015)<\/li>\n<li>\u00ab Footsteps #15 \u00bb de Linda Gross Brown est s\u00e9lectionn\u00e9 pour la 3\u00e8me exposition-concours de l\u2019International Association of Pastel Societies (IAPS) Master Circle Exhibition \u00e0 Albuquerque, dans l\u2019\u00c9tat de New Mexico. (3 juin &#8211; 6 juin 2015)<\/li>\n<\/ul>\n<p>Les galeries suivantes sont fi\u00e8res de repr\u00e9senter le travail de Linda dans les \u00c9tats du centre et de la c\u00f4te Est. Si vous d\u00e9sirez ajouter l\u2019un des pastels pris\u00e9s de Linda Gross Brown \u00e0 votre collection personnelle ou professionnelle, veuillez les contacter. Elles auront le plaisir de r\u00e9pondre \u00e0 vos questions sur un tel investissement : exp\u00e9dition, certificats d\u2019authenticit\u00e9, assurance, etc.<\/p>\n<p>&nbsp;<\/p>\n<p>Teresa M. DeChant<br \/>\nDeChant Art Consulting, LLC<br \/>\n<a href=\"tel:216%20276%200087\">216-276-0087<\/a><br \/>\n<a href=\"http:\/\/linkedin.com\/in\/teresa-m-dechant-79231912\">LinkedIn<\/a><\/p>\n<p><img decoding=\"async\" loading=\"lazy\" class=\"alignnone size-full wp-image-1359\" src=\"http:\/\/www.lindagrossbrownstudio.com\/wp-content\/uploads\/2016\/10\/bonfoey.png\" alt=\"\" width=\"112\" height=\"115\" \/><\/p>\n<p><a href=\"http:\/\/www.bonfoey.com\/\">Bonfoey Gallery<\/a><br \/>\nCleveland, Ohio<br \/>\nt\u00e9l: 216.621.0178<br \/>\nemail: gallery arobase bonfoey.com<\/p>\n<p><img decoding=\"async\" loading=\"lazy\" class=\"alignnone size-full wp-image-1361\" src=\"http:\/\/www.lindagrossbrownstudio.com\/wp-content\/uploads\/2016\/10\/river2.png\" alt=\"\" width=\"232\" height=\"85\" \/><\/p>\n<p><a href=\"http:\/\/www.rivergalleryarts.com\/\">River Gallery<\/a><br \/>\nRocky River, Ohio<br \/>\nt\u00e9l: 440.331.8406<br \/>\nemail: rivergalleryarts arobase yahoo.com<\/p>\n<\/div>\n","protected":false},"excerpt":{"rendered":"<p>R\u00e9compenses: \u00ab Footsteps #15 \u00bb a remport\u00e9 le premier prix \u00e0 l&rsquo;exposition Winters Palette 2025 du Salmagundi Club. (7 janvier 2025 &#8211; 24 janvier 2025) \u00ab Footsteps #15 \u00bb de Linda Gross Brown a re\u00e7u le premier prix de la exposition en ligne des membres de The American Artists Professional League 2021. (mars 2021) \u00ab\u00a0Footsteps [&hellip;]<\/p>\n","protected":false},"author":2,"featured_media":2680,"parent":0,"menu_order":0,"comment_status":"closed","ping_status":"closed","template":"","meta":[],"acf":[],"_links":{"self":[{"href":"http:\/\/www.lindagrossbrownstudio.com\/fr\/wp-json\/wp\/v2\/pages\/1154"}],"collection":[{"href":"http:\/\/www.lindagrossbrownstudio.com\/fr\/wp-json\/wp\/v2\/pages"}],"about":[{"href":"http:\/\/www.lindagrossbrownstudio.com\/fr\/wp-json\/wp\/v2\/types\/page"}],"author":[{"embeddable":true,"href":"http:\/\/www.lindagrossbrownstudio.com\/fr\/wp-json\/wp\/v2\/users\/2"}],"replies":[{"embeddable":true,"href":"http:\/\/www.lindagrossbrownstudio.com\/fr\/wp-json\/wp\/v2\/comments?post=1154"}],"version-history":[{"count":9,"href":"http:\/\/www.lindagrossbrownstudio.com\/fr\/wp-json\/wp\/v2\/pages\/1154\/revisions"}],"predecessor-version":[{"id":3130,"href":"http:\/\/www.lindagrossbrownstudio.com\/fr\/wp-json\/wp\/v2\/pages\/1154\/revisions\/3130"}],"wp:featuredmedia":[{"embeddable":true,"href":"http:\/\/www.lindagrossbrownstudio.com\/fr\/wp-json\/wp\/v2\/media\/2680"}],"wp:attachment":[{"href":"http:\/\/www.lindagrossbrownstudio.com\/fr\/wp-json\/wp\/v2\/media?parent=1154"}],"curies":[{"name":"wp","href":"https:\/\/api.w.org\/{rel}","templated":true}]}}