{"id":1152,"date":"2017-03-16T01:37:05","date_gmt":"2017-03-16T01:37:05","guid":{"rendered":"http:\/\/www.lindagrossbrownstudio.com\/footsteps-13-2\/"},"modified":"2020-09-02T11:47:29","modified_gmt":"2020-09-02T11:47:29","slug":"footsteps-13","status":"publish","type":"page","link":"http:\/\/www.lindagrossbrownstudio.com\/fr\/footsteps-13\/","title":{"rendered":"Footsteps #13"},"content":{"rendered":"<div class=\"btm-inner-text\">\n<h2>R\u00e9compenses:<\/h2>\n<ul>\n<li>\u00ab Footsteps #12 \u00bb, \u00ab Footsteps #13 \u00bb et \u00ab Footsteps #15 \u00bb de Linda Gross Brown ont re\u00e7u le prix Meritorious lors de l\u2019exposition Richeson Landscape 2014. (avril 2014.)<\/li>\n<\/ul>\n<h2>EXPOSITIONS:<\/h2>\n<ul>\n<li>23 ao\u00fbt 2020 &#8211; \u00ab Footsteps #13 \u00bb et \u00ab Footsteps #14 \u00bb ont \u00e9t\u00e9 s\u00e9lectionn\u00e9s pour la 8e exposition juridique biennale des membres, <a href=\"https:\/\/art.kunstmatrix.com\/apps\/artspaces\/dist\/index.html?timestamp=1599045793332#\/?external=true&#038;splashscreen=true&#038;language=en&#038;uid=27084&#038;exhibition=2234392\" rel=\"noopener noreferrer\" target=\"_blank\">Strokin\u2019 VIII! 2020<\/a>. (1 septembre &#8211; 31 d\u00e9cembre 2020)<\/li>\n<\/ul>\n<p>Les galeries suivantes sont fi\u00e8res de repr\u00e9senter le travail de Linda dans les \u00c9tats du centre et de la c\u00f4te Est. Si vous d\u00e9sirez ajouter l\u2019un des pastels pris\u00e9s de Linda Gross Brown \u00e0 votre collection personnelle ou professionnelle, veuillez les contacter. Elles auront le plaisir de r\u00e9pondre \u00e0 vos questions sur un tel investissement : exp\u00e9dition, certificats d\u2019authenticit\u00e9, assurance, etc.<\/p>\n<p>&nbsp;<\/p>\n<p>Teresa M. DeChant<br \/>\nDeChant Art Consulting, LLC<br \/>\n<a href=\"tel:216%20276%200087\">216-276-0087<\/a><br \/>\n<a href=\"http:\/\/linkedin.com\/in\/teresa-m-dechant-79231912\">LinkedIn<\/a><\/p>\n<p><img decoding=\"async\" loading=\"lazy\" class=\"alignnone size-full wp-image-1359\" src=\"http:\/\/www.lindagrossbrownstudio.com\/wp-content\/uploads\/2016\/10\/bonfoey.png\" alt=\"\" width=\"112\" height=\"115\" \/><\/p>\n<p><a href=\"http:\/\/www.bonfoey.com\/\">Bonfoey Gallery<\/a><br \/>\nCleveland, Ohio<br \/>\nt\u00e9l: 216.621.0178<br \/>\nemail: gallery arobase bonfoey.com<\/p>\n<p><img decoding=\"async\" loading=\"lazy\" class=\"alignnone size-full wp-image-1361\" src=\"http:\/\/www.lindagrossbrownstudio.com\/wp-content\/uploads\/2016\/10\/river2.png\" alt=\"\" width=\"232\" height=\"85\" \/><\/p>\n<p><a href=\"http:\/\/www.rivergalleryarts.com\/\">River Gallery<\/a><br \/>\nRocky River, Ohio<br \/>\nt\u00e9l: 440.331.8406<br \/>\nemail: rivergalleryarts arobase yahoo.com<\/p>\n<\/div>\n","protected":false},"excerpt":{"rendered":"<p>R\u00e9compenses: \u00ab Footsteps #12 \u00bb, \u00ab Footsteps #13 \u00bb et \u00ab Footsteps #15 \u00bb de Linda Gross Brown ont re\u00e7u le prix Meritorious lors de l\u2019exposition Richeson Landscape 2014. (avril 2014.) EXPOSITIONS: 23 ao\u00fbt 2020 &#8211; \u00ab Footsteps #13 \u00bb et \u00ab Footsteps #14 \u00bb ont \u00e9t\u00e9 s\u00e9lectionn\u00e9s pour la 8e exposition juridique biennale des [&hellip;]<\/p>\n","protected":false},"author":2,"featured_media":222,"parent":0,"menu_order":0,"comment_status":"closed","ping_status":"closed","template":"","meta":[],"acf":[],"_links":{"self":[{"href":"http:\/\/www.lindagrossbrownstudio.com\/fr\/wp-json\/wp\/v2\/pages\/1152"}],"collection":[{"href":"http:\/\/www.lindagrossbrownstudio.com\/fr\/wp-json\/wp\/v2\/pages"}],"about":[{"href":"http:\/\/www.lindagrossbrownstudio.com\/fr\/wp-json\/wp\/v2\/types\/page"}],"author":[{"embeddable":true,"href":"http:\/\/www.lindagrossbrownstudio.com\/fr\/wp-json\/wp\/v2\/users\/2"}],"replies":[{"embeddable":true,"href":"http:\/\/www.lindagrossbrownstudio.com\/fr\/wp-json\/wp\/v2\/comments?post=1152"}],"version-history":[{"count":4,"href":"http:\/\/www.lindagrossbrownstudio.com\/fr\/wp-json\/wp\/v2\/pages\/1152\/revisions"}],"predecessor-version":[{"id":2306,"href":"http:\/\/www.lindagrossbrownstudio.com\/fr\/wp-json\/wp\/v2\/pages\/1152\/revisions\/2306"}],"wp:featuredmedia":[{"embeddable":true,"href":"http:\/\/www.lindagrossbrownstudio.com\/fr\/wp-json\/wp\/v2\/media\/222"}],"wp:attachment":[{"href":"http:\/\/www.lindagrossbrownstudio.com\/fr\/wp-json\/wp\/v2\/media?parent=1152"}],"curies":[{"name":"wp","href":"https:\/\/api.w.org\/{rel}","templated":true}]}}