{"id":1150,"date":"2017-03-16T01:36:11","date_gmt":"2017-03-16T01:36:11","guid":{"rendered":"http:\/\/www.lindagrossbrownstudio.com\/footsteps-11-2\/"},"modified":"2018-01-01T21:42:26","modified_gmt":"2018-01-01T21:42:26","slug":"footsteps-11","status":"publish","type":"page","link":"http:\/\/www.lindagrossbrownstudio.com\/fr\/footsteps-11\/","title":{"rendered":"Footsteps #11"},"content":{"rendered":"<div class=\"btm-inner-text\">\n<h2>R\u00e9compenses:<\/h2>\n<ul>\n<li>20 juin 2014 \u2013 <a href=\"http:\/\/www.lindagrossbrownstudio.com\/footsteps-11-2\/?lang=fr\">\u00ab Footsteps #11 \u00bb<\/a> de Linda Gross Brown a \u00e9t\u00e9 s\u00e9lectionn\u00e9 pour la finale du concours des St. Augustine Art Association 5e exposition-concours annuelle de la nature et de la faune de St. Augustine, dans le Florida (26 juillet &#8211; 31 24 ao\u00fbt 2014).<\/li>\n<li>Considered a <b>Meritorious Entry<\/b> in the Richeson 75 <i>Pastels 2012<\/i> Exhibit. (March 9, 2012)<\/li>\n<\/ul>\n<p>Les galeries suivantes sont fi\u00e8res de repr\u00e9senter le travail de Linda dans les \u00c9tats du centre et de la c\u00f4te Est. Si vous d\u00e9sirez ajouter l\u2019un des pastels pris\u00e9s de Linda Gross Brown \u00e0 votre collection personnelle ou professionnelle, veuillez les contacter. Elles auront le plaisir de r\u00e9pondre \u00e0 vos questions sur un tel investissement : exp\u00e9dition, certificats d\u2019authenticit\u00e9, assurance, etc.<\/p>\n<p>&nbsp;<\/p>\n<p>Teresa M. DeChant<br \/>\nDeChant Art Consulting, LLC<br \/>\n<a href=\"tel:216%20276%200087\">216-276-0087<\/a><br \/>\n<a href=\"http:\/\/linkedin.com\/in\/teresa-m-dechant-79231912\">LinkedIn<\/a><\/p>\n<p><img decoding=\"async\" loading=\"lazy\" class=\"alignnone size-full wp-image-1359\" src=\"http:\/\/www.lindagrossbrownstudio.com\/wp-content\/uploads\/2016\/10\/bonfoey.png\" alt=\"\" width=\"112\" height=\"115\" \/><\/p>\n<p><a href=\"http:\/\/www.bonfoey.com\/\">Bonfoey Gallery<\/a><br \/>\nCleveland, Ohio<br \/>\nt\u00e9l: 216.621.0178<br \/>\nemail: gallery arobase bonfoey.com<\/p>\n<p><img decoding=\"async\" loading=\"lazy\" class=\"alignnone size-full wp-image-1361\" src=\"http:\/\/www.lindagrossbrownstudio.com\/wp-content\/uploads\/2016\/10\/river2.png\" alt=\"\" width=\"232\" height=\"85\" \/><\/p>\n<p><a href=\"http:\/\/www.rivergalleryarts.com\/\">River Gallery<\/a><br \/>\nRocky River, Ohio<br \/>\nt\u00e9l: 440.331.8406<br \/>\nemail: rivergalleryarts arobase yahoo.com<\/p>\n<\/div>\n","protected":false},"excerpt":{"rendered":"<p>R\u00e9compenses: 20 juin 2014 \u2013 \u00ab Footsteps #11 \u00bb de Linda Gross Brown a \u00e9t\u00e9 s\u00e9lectionn\u00e9 pour la finale du concours des St. Augustine Art Association 5e exposition-concours annuelle de la nature et de la faune de St. Augustine, dans le Florida (26 juillet &#8211; 31 24 ao\u00fbt 2014). Considered a Meritorious Entry in the [&hellip;]<\/p>\n","protected":false},"author":2,"featured_media":2672,"parent":0,"menu_order":0,"comment_status":"closed","ping_status":"closed","template":"","meta":[],"acf":[],"_links":{"self":[{"href":"http:\/\/www.lindagrossbrownstudio.com\/fr\/wp-json\/wp\/v2\/pages\/1150"}],"collection":[{"href":"http:\/\/www.lindagrossbrownstudio.com\/fr\/wp-json\/wp\/v2\/pages"}],"about":[{"href":"http:\/\/www.lindagrossbrownstudio.com\/fr\/wp-json\/wp\/v2\/types\/page"}],"author":[{"embeddable":true,"href":"http:\/\/www.lindagrossbrownstudio.com\/fr\/wp-json\/wp\/v2\/users\/2"}],"replies":[{"embeddable":true,"href":"http:\/\/www.lindagrossbrownstudio.com\/fr\/wp-json\/wp\/v2\/comments?post=1150"}],"version-history":[{"count":3,"href":"http:\/\/www.lindagrossbrownstudio.com\/fr\/wp-json\/wp\/v2\/pages\/1150\/revisions"}],"predecessor-version":[{"id":1730,"href":"http:\/\/www.lindagrossbrownstudio.com\/fr\/wp-json\/wp\/v2\/pages\/1150\/revisions\/1730"}],"wp:featuredmedia":[{"embeddable":true,"href":"http:\/\/www.lindagrossbrownstudio.com\/fr\/wp-json\/wp\/v2\/media\/2672"}],"wp:attachment":[{"href":"http:\/\/www.lindagrossbrownstudio.com\/fr\/wp-json\/wp\/v2\/media?parent=1150"}],"curies":[{"name":"wp","href":"https:\/\/api.w.org\/{rel}","templated":true}]}}